{"id":136,"date":"2012-06-27T15:31:44","date_gmt":"2012-06-27T15:31:44","guid":{"rendered":"http:\/\/www.forumesure.com\/?page_id=136"},"modified":"2024-07-22T10:37:28","modified_gmt":"2024-07-22T08:37:28","slug":"programme-forumesure-2023","status":"publish","type":"page","link":"https:\/\/www.forumesure.com\/en\/programme-forumesure-2023\/","title":{"rendered":"PROGRAM"},"content":{"rendered":"<div data-elementor-type=\"wp-post\" data-elementor-id=\"136\" class=\"elementor elementor-136\">\n\t\t\t\t\t\t<div class=\"elementor-inner\">\n\t\t\t\t<div class=\"elementor-section-wrap\">\n\t\t\t\t\t\t\t\t\t<section class=\"elementor-section elementor-top-section elementor-element elementor-element-a21dcb8 elementor-section-stretched elementor-section-boxed elementor-section-height-default elementor-section-height-default\" data-id=\"a21dcb8\" data-element_type=\"section\" data-settings=\"{&quot;stretch_section&quot;:&quot;section-stretched&quot;,&quot;background_background&quot;:&quot;classic&quot;}\">\n\t\t\t\t\t\t<div class=\"elementor-container elementor-column-gap-default\">\n\t\t\t\t\t\t\t<div class=\"elementor-row\">\n\t\t\t\t\t<div class=\"elementor-column elementor-col-100 elementor-top-column elementor-element elementor-element-d0181d6\" data-id=\"d0181d6\" data-element_type=\"column\">\n\t\t\t<div class=\"elementor-column-wrap elementor-element-populated\">\n\t\t\t\t\t\t\t<div class=\"elementor-widget-wrap\">\n\t\t\t\t\t\t<div class=\"elementor-element elementor-element-7e70606 elementor-widget elementor-widget-spacer\" data-id=\"7e70606\" data-element_type=\"widget\" data-widget_type=\"spacer.default\">\n\t\t\t\t<div class=\"elementor-widget-container\">\n\t\t\t\t\t<div class=\"elementor-spacer\">\n\t\t\t<div class=\"elementor-spacer-inner\"><\/div>\n\t\t<\/div>\n\t\t\t\t<\/div>\n\t\t\t\t<\/div>\n\t\t\t\t<div class=\"elementor-element elementor-element-f2c4e73 elementor-widget elementor-widget-heading\" data-id=\"f2c4e73\" data-element_type=\"widget\" data-widget_type=\"heading.default\">\n\t\t\t\t<div class=\"elementor-widget-container\">\n\t\t\t<h1 class=\"elementor-heading-title elementor-size-default\">FORUMESURE 2025<\/h1>\t\t<\/div>\n\t\t\t\t<\/div>\n\t\t\t\t<div class=\"elementor-element elementor-element-b349b2d elementor-widget elementor-widget-text-editor\" data-id=\"b349b2d\" data-element_type=\"widget\" data-widget_type=\"text-editor.default\">\n\t\t\t\t<div class=\"elementor-widget-container\">\n\t\t\t\t\t\t\t\t<div class=\"elementor-text-editor elementor-clearfix\">\n\t\t\t\t<h4 style=\"text-align: center;\"><span style=\"color: #ffffff;\">\u00a0Hammamet &#8211; Tunisie, 22 au 24 avril 2025<\/span><\/h4>\t\t\t\t\t<\/div>\n\t\t\t\t\t\t<\/div>\n\t\t\t\t<\/div>\n\t\t\t\t\t\t<\/div>\n\t\t\t\t\t<\/div>\n\t\t<\/div>\n\t\t\t\t\t\t\t\t<\/div>\n\t\t\t\t\t<\/div>\n\t\t<\/section>\n\t\t\t\t<section class=\"elementor-section elementor-top-section elementor-element elementor-element-adb1c9a elementor-section-boxed elementor-section-height-default elementor-section-height-default\" data-id=\"adb1c9a\" data-element_type=\"section\">\n\t\t\t\t\t\t<div class=\"elementor-container elementor-column-gap-default\">\n\t\t\t\t\t\t\t<div class=\"elementor-row\">\n\t\t\t\t\t<div class=\"elementor-column elementor-col-100 elementor-top-column elementor-element elementor-element-727fe59\" data-id=\"727fe59\" data-element_type=\"column\">\n\t\t\t<div class=\"elementor-column-wrap elementor-element-populated\">\n\t\t\t\t\t\t\t<div class=\"elementor-widget-wrap\">\n\t\t\t\t\t\t<div class=\"elementor-element elementor-element-d120481 elementor-widget elementor-widget-spacer\" data-id=\"d120481\" data-element_type=\"widget\" data-widget_type=\"spacer.default\">\n\t\t\t\t<div class=\"elementor-widget-container\">\n\t\t\t\t\t<div class=\"elementor-spacer\">\n\t\t\t<div class=\"elementor-spacer-inner\"><\/div>\n\t\t<\/div>\n\t\t\t\t<\/div>\n\t\t\t\t<\/div>\n\t\t\t\t\t\t<\/div>\n\t\t\t\t\t<\/div>\n\t\t<\/div>\n\t\t\t\t\t\t\t\t<\/div>\n\t\t\t\t\t<\/div>\n\t\t<\/section>\n\t\t\t\t<section class=\"elementor-section elementor-top-section elementor-element elementor-element-f7a4785 elementor-section-full_width elementor-section-height-default elementor-section-height-default\" data-id=\"f7a4785\" data-element_type=\"section\">\n\t\t\t\t\t\t<div class=\"elementor-container elementor-column-gap-default\">\n\t\t\t\t\t\t\t<div class=\"elementor-row\">\n\t\t\t\t\t<div class=\"elementor-column elementor-col-50 elementor-top-column elementor-element elementor-element-d1ca96b\" data-id=\"d1ca96b\" data-element_type=\"column\">\n\t\t\t<div class=\"elementor-column-wrap elementor-element-populated\">\n\t\t\t\t\t\t\t<div class=\"elementor-widget-wrap\">\n\t\t\t\t\t\t<div class=\"elementor-element elementor-element-f931828 elementor-widget elementor-widget-image\" data-id=\"f931828\" data-element_type=\"widget\" data-widget_type=\"image.default\">\n\t\t\t\t<div class=\"elementor-widget-container\">\n\t\t\t\t\t\t\t\t<div class=\"elementor-image\">\n\t\t\t\t\t\t\t\t\t\t\t\t<img decoding=\"async\" src=\"https:\/\/www.forumesure.com\/wp-content\/uploads\/2018\/10\/Fotolia_197565964_XL-400x150.jpg\" title=\"Fachmesse mit verschiedenen St\u00e4nden\" alt=\"Fachmesse mit verschiedenen St\u00e4nden\" loading=\"lazy\" \/>\t\t\t\t\t\t\t\t\t\t\t\t\t\t<\/div>\n\t\t\t\t\t\t<\/div>\n\t\t\t\t<\/div>\n\t\t\t\t\t\t<\/div>\n\t\t\t\t\t<\/div>\n\t\t<\/div>\n\t\t\t\t<div class=\"elementor-column elementor-col-50 elementor-top-column elementor-element elementor-element-534c69a\" data-id=\"534c69a\" data-element_type=\"column\">\n\t\t\t<div class=\"elementor-column-wrap elementor-element-populated\">\n\t\t\t\t\t\t\t<div class=\"elementor-widget-wrap\">\n\t\t\t\t\t\t<div class=\"elementor-element elementor-element-b568012 elementor-widget elementor-widget-heading\" data-id=\"b568012\" data-element_type=\"widget\" data-widget_type=\"heading.default\">\n\t\t\t\t<div class=\"elementor-widget-container\">\n\t\t\t<h3 class=\"elementor-heading-title elementor-size-large\">Exhibition in free access<\/h3>\t\t<\/div>\n\t\t\t\t<\/div>\n\t\t\t\t<div class=\"elementor-element elementor-element-826704b elementor-icon-list--layout-inline elementor-hidden-desktop elementor-hidden-tablet elementor-hidden-phone elementor-list-item-link-full_width elementor-widget elementor-widget-icon-list\" data-id=\"826704b\" data-element_type=\"widget\" data-widget_type=\"icon-list.default\">\n\t\t\t\t<div class=\"elementor-widget-container\">\n\t\t\t\t\t<ul class=\"elementor-icon-list-items elementor-inline-items\">\n\t\t\t\t\t\t\t<li class=\"elementor-icon-list-item elementor-inline-item\">\n\t\t\t\t\t\t\t\t\t\t\t<span class=\"elementor-icon-list-icon\">\n\t\t\t\t\t\t\t\t\t\t\t\t\t\t\t\t<i class=\"fa fa-calendar-check-o\" aria-hidden=\"true\"><\/i>\n\t\t\t\t\t\t\t\t\t\t\t\t\t<\/span>\n\t\t\t\t\t\t\t\t\t\t<span class=\"elementor-icon-list-text\">du mardi au mercredi<\/span>\n\t\t\t\t\t\t\t\t\t<\/li>\n\t\t\t\t\t\t\t\t<li class=\"elementor-icon-list-item elementor-inline-item\">\n\t\t\t\t\t\t\t\t\t\t\t<span class=\"elementor-icon-list-icon\">\n\t\t\t\t\t\t\t\t\t\t\t\t\t\t\t\t<i class=\"fa fa-clock-o\" aria-hidden=\"true\"><\/i>\n\t\t\t\t\t\t\t\t\t\t\t\t\t<\/span>\n\t\t\t\t\t\t\t\t\t\t<span class=\"elementor-icon-list-text\">8h30-18h<\/span>\n\t\t\t\t\t\t\t\t\t<\/li>\n\t\t\t\t\t\t\t\t<li class=\"elementor-icon-list-item elementor-inline-item\">\n\t\t\t\t\t\t\t\t\t\t\t<span class=\"elementor-icon-list-icon\">\n\t\t\t\t\t\t\t\t\t\t\t\t\t\t\t\t<i class=\"fa fa-map-marker\" aria-hidden=\"true\"><\/i>\n\t\t\t\t\t\t\t\t\t\t\t\t\t<\/span>\n\t\t\t\t\t\t\t\t\t\t<span class=\"elementor-icon-list-text\">Espace Congr\u00e8s<\/span>\n\t\t\t\t\t\t\t\t\t<\/li>\n\t\t\t\t\t\t<\/ul>\n\t\t\t\t<\/div>\n\t\t\t\t<\/div>\n\t\t\t\t<div class=\"elementor-element elementor-element-64f070b elementor-widget elementor-widget-text-editor\" data-id=\"64f070b\" data-element_type=\"widget\" data-widget_type=\"text-editor.default\">\n\t\t\t\t<div class=\"elementor-widget-container\">\n\t\t\t\t\t\t\t\t<div class=\"elementor-text-editor elementor-clearfix\">\n\t\t\t\t<p align=\"justify\">During these 2 exhibition days, meet measurement and instrumentation professionals, discover the latest measurement techniques and handle the numerous equipments exposed. \nThe exhibition is aimed at all those who wish to present their know-how and discover the latest developments in metrology.<\/p>\t\t\t\t\t<\/div>\n\t\t\t\t\t\t<\/div>\n\t\t\t\t<\/div>\n\t\t\t\t<div class=\"elementor-element elementor-element-63f9f61 elementor-hidden-desktop elementor-hidden-tablet elementor-hidden-phone elementor-widget elementor-widget-button\" data-id=\"63f9f61\" data-element_type=\"widget\" data-widget_type=\"button.default\">\n\t\t\t\t<div class=\"elementor-widget-container\">\n\t\t\t\t\t<div class=\"elementor-button-wrapper\">\n\t\t\t<a class=\"elementor-button elementor-size-sm\" role=\"button\">\n\t\t\t\t\t\t<span class=\"elementor-button-content-wrapper\">\n\t\t\t\t\t\t\t<span class=\"elementor-button-icon elementor-align-icon-left\">\n\t\t\t\t\t\t\t\t\t<i class=\"fa fa-chevron-right\" aria-hidden=\"true\"><\/i>\n\t\t\t\t\t\t\t<\/span>\n\t\t\t\t\t\t<span class=\"elementor-button-text\">D\u00e9couvrez les exposants 2022<\/span>\n\t\t<\/span>\n\t\t\t\t\t<\/a>\n\t\t<\/div>\n\t\t\t\t<\/div>\n\t\t\t\t<\/div>\n\t\t\t\t\t\t<\/div>\n\t\t\t\t\t<\/div>\n\t\t<\/div>\n\t\t\t\t\t\t\t\t<\/div>\n\t\t\t\t\t<\/div>\n\t\t<\/section>\n\t\t\t\t<section class=\"elementor-section elementor-top-section elementor-element elementor-element-b42d1cc elementor-section-boxed elementor-section-height-default elementor-section-height-default\" data-id=\"b42d1cc\" data-element_type=\"section\">\n\t\t\t\t\t\t<div class=\"elementor-container elementor-column-gap-default\">\n\t\t\t\t\t\t\t<div class=\"elementor-row\">\n\t\t\t\t\t<div class=\"elementor-column elementor-col-100 elementor-top-column elementor-element elementor-element-417f634\" data-id=\"417f634\" data-element_type=\"column\">\n\t\t\t<div class=\"elementor-column-wrap elementor-element-populated\">\n\t\t\t\t\t\t\t<div class=\"elementor-widget-wrap\">\n\t\t\t\t\t\t<div class=\"elementor-element elementor-element-fa7cc6c elementor-widget elementor-widget-spacer\" data-id=\"fa7cc6c\" data-element_type=\"widget\" data-widget_type=\"spacer.default\">\n\t\t\t\t<div class=\"elementor-widget-container\">\n\t\t\t\t\t<div class=\"elementor-spacer\">\n\t\t\t<div class=\"elementor-spacer-inner\"><\/div>\n\t\t<\/div>\n\t\t\t\t<\/div>\n\t\t\t\t<\/div>\n\t\t\t\t\t\t<\/div>\n\t\t\t\t\t<\/div>\n\t\t<\/div>\n\t\t\t\t\t\t\t\t<\/div>\n\t\t\t\t\t<\/div>\n\t\t<\/section>\n\t\t\t\t<section class=\"elementor-section elementor-top-section elementor-element elementor-element-6bb61f5 elementor-section-full_width elementor-section-height-default elementor-section-height-default\" data-id=\"6bb61f5\" data-element_type=\"section\">\n\t\t\t\t\t\t<div class=\"elementor-container elementor-column-gap-default\">\n\t\t\t\t\t\t\t<div class=\"elementor-row\">\n\t\t\t\t\t<div class=\"elementor-column elementor-col-50 elementor-top-column elementor-element elementor-element-1e6341e\" data-id=\"1e6341e\" data-element_type=\"column\">\n\t\t\t<div class=\"elementor-column-wrap elementor-element-populated\">\n\t\t\t\t\t\t\t<div class=\"elementor-widget-wrap\">\n\t\t\t\t\t\t<div class=\"elementor-element elementor-element-102dc61 elementor-widget elementor-widget-image\" data-id=\"102dc61\" data-element_type=\"widget\" data-widget_type=\"image.default\">\n\t\t\t\t<div class=\"elementor-widget-container\">\n\t\t\t\t\t\t\t\t<div class=\"elementor-image\">\n\t\t\t\t\t\t\t\t\t\t\t\t<img decoding=\"async\" src=\"https:\/\/www.forumesure.com\/wp-content\/uploads\/2018\/11\/Fotolia_61874902_S-400x150.jpg\" title=\"People at the conference\" alt=\"Speaker on the podium. People at conference hall, rear view\" loading=\"lazy\" \/>\t\t\t\t\t\t\t\t\t\t\t\t\t\t<\/div>\n\t\t\t\t\t\t<\/div>\n\t\t\t\t<\/div>\n\t\t\t\t\t\t<\/div>\n\t\t\t\t\t<\/div>\n\t\t<\/div>\n\t\t\t\t<div class=\"elementor-column elementor-col-50 elementor-top-column elementor-element elementor-element-39d0382\" data-id=\"39d0382\" data-element_type=\"column\">\n\t\t\t<div class=\"elementor-column-wrap elementor-element-populated\">\n\t\t\t\t\t\t\t<div class=\"elementor-widget-wrap\">\n\t\t\t\t\t\t<div class=\"elementor-element elementor-element-b0de964 elementor-widget elementor-widget-heading\" data-id=\"b0de964\" data-element_type=\"widget\" data-widget_type=\"heading.default\">\n\t\t\t\t<div class=\"elementor-widget-container\">\n\t\t\t<h3 class=\"elementor-heading-title elementor-size-large\">Free access technical conference<\/h3>\t\t<\/div>\n\t\t\t\t<\/div>\n\t\t\t\t<div class=\"elementor-element elementor-element-abc2aec elementor-icon-list--layout-inline elementor-hidden-desktop elementor-hidden-tablet elementor-hidden-phone elementor-list-item-link-full_width elementor-widget elementor-widget-icon-list\" data-id=\"abc2aec\" data-element_type=\"widget\" data-widget_type=\"icon-list.default\">\n\t\t\t\t<div class=\"elementor-widget-container\">\n\t\t\t\t\t<ul class=\"elementor-icon-list-items elementor-inline-items\">\n\t\t\t\t\t\t\t<li class=\"elementor-icon-list-item elementor-inline-item\">\n\t\t\t\t\t\t\t\t\t\t\t<span class=\"elementor-icon-list-icon\">\n\t\t\t\t\t\t\t\t\t\t\t\t\t\t\t\t<i class=\"fa fa-calendar-check-o\" aria-hidden=\"true\"><\/i>\n\t\t\t\t\t\t\t\t\t\t\t\t\t<\/span>\n\t\t\t\t\t\t\t\t\t\t<span class=\"elementor-icon-list-text\">mardi 06 juin 2023 <\/span>\n\t\t\t\t\t\t\t\t\t<\/li>\n\t\t\t\t\t\t\t\t<li class=\"elementor-icon-list-item elementor-inline-item\">\n\t\t\t\t\t\t\t\t\t\t\t<span class=\"elementor-icon-list-icon\">\n\t\t\t\t\t\t\t\t\t\t\t\t\t\t\t\t<i class=\"fa fa-clock-o\" aria-hidden=\"true\"><\/i>\n\t\t\t\t\t\t\t\t\t\t\t\t\t<\/span>\n\t\t\t\t\t\t\t\t\t\t<span class=\"elementor-icon-list-text\">8h30-18h30<\/span>\n\t\t\t\t\t\t\t\t\t<\/li>\n\t\t\t\t\t\t<\/ul>\n\t\t\t\t<\/div>\n\t\t\t\t<\/div>\n\t\t\t\t<div class=\"elementor-element elementor-element-c385f0b elementor-widget elementor-widget-text-editor\" data-id=\"c385f0b\" data-element_type=\"widget\" data-widget_type=\"text-editor.default\">\n\t\t\t\t<div class=\"elementor-widget-container\">\n\t\t\t\t\t\t\t\t<div class=\"elementor-text-editor elementor-clearfix\">\n\t\t\t\t<p align=\"justify\">You can attend (with free access) several technical conferences. Discover the program by clicking on the following link:\u00a0<\/p>\t\t\t\t\t<\/div>\n\t\t\t\t\t\t<\/div>\n\t\t\t\t<\/div>\n\t\t\t\t<div class=\"elementor-element elementor-element-577e386 elementor-widget elementor-widget-button\" data-id=\"577e386\" data-element_type=\"widget\" data-widget_type=\"button.default\">\n\t\t\t\t<div class=\"elementor-widget-container\">\n\t\t\t\t\t<div class=\"elementor-button-wrapper\">\n\t\t\t<a href=\"https:\/\/www.forumesure.com\/en\/conference-technique\/\" target=\"_blank\" class=\"elementor-button-link elementor-button elementor-size-sm\" role=\"button\">\n\t\t\t\t\t\t<span class=\"elementor-button-content-wrapper\">\n\t\t\t\t\t\t\t<span class=\"elementor-button-icon elementor-align-icon-left\">\n\t\t\t\t\t\t\t\t\t<i class=\"fa fa-chevron-right\" aria-hidden=\"true\"><\/i>\n\t\t\t\t\t\t\t<\/span>\n\t\t\t\t\t\t<span class=\"elementor-button-text\">Technical conference program<\/span>\n\t\t<\/span>\n\t\t\t\t\t<\/a>\n\t\t<\/div>\n\t\t\t\t<\/div>\n\t\t\t\t<\/div>\n\t\t\t\t\t\t<\/div>\n\t\t\t\t\t<\/div>\n\t\t<\/div>\n\t\t\t\t\t\t\t\t<\/div>\n\t\t\t\t\t<\/div>\n\t\t<\/section>\n\t\t\t\t<section class=\"elementor-section elementor-top-section elementor-element elementor-element-5e3a03f elementor-section-boxed elementor-section-height-default elementor-section-height-default\" data-id=\"5e3a03f\" data-element_type=\"section\">\n\t\t\t\t\t\t<div class=\"elementor-container elementor-column-gap-default\">\n\t\t\t\t\t\t\t<div class=\"elementor-row\">\n\t\t\t\t\t<div class=\"elementor-column elementor-col-100 elementor-top-column elementor-element elementor-element-8de743d\" data-id=\"8de743d\" data-element_type=\"column\">\n\t\t\t<div class=\"elementor-column-wrap\">\n\t\t\t\t\t\t\t<div class=\"elementor-widget-wrap\">\n\t\t\t\t\t\t\t\t<\/div>\n\t\t\t\t\t<\/div>\n\t\t<\/div>\n\t\t\t\t\t\t\t\t<\/div>\n\t\t\t\t\t<\/div>\n\t\t<\/section>\n\t\t\t\t\t\t\t\t\t<\/div>\n\t\t\t<\/div>\n\t\t\t\t\t<\/div>","protected":false},"excerpt":{"rendered":"<p>FORUMESURE 2025 \u00a0Hammamet &#8211; Tunisie, 22 au 24 avril 2025 Exposition ouverte au public du mardi au mercredi 8h30-18h Espace Congr\u00e8s Pendant ces 2 jours d&rsquo;exposition, retrouvez des professionnels de la mesure<\/p>\n<a class=\"moretag noptoppad\" href=\"https:\/\/www.forumesure.com\/en\/programme-forumesure-2023\/\">Read More...<\/a>","protected":false},"author":8,"featured_media":0,"parent":0,"menu_order":4,"comment_status":"closed","ping_status":"closed","template":"","meta":[],"yoast_head":"<!-- This site is optimized with the Yoast SEO plugin v19.14 - https:\/\/yoast.com\/wordpress\/plugins\/seo\/ -->\n<title>Programme FORUMESURE 2023<\/title>\n<meta name=\"description\" content=\"Le Programme FORUMESURE 2023 est arriv\u00e9 ! Venez le d\u00e9couvrir ! Cette ann\u00e9e nous nous retrouverons \u00e0 Bordeaux du 06 au 07 juin 2023.\" \/>\n<meta name=\"robots\" content=\"index, follow, max-snippet:-1, max-image-preview:large, max-video-preview:-1\" \/>\n<link rel=\"canonical\" href=\"https:\/\/www.forumesure.com\/en\/programme-forumesure-2023\/\" \/>\n<meta property=\"og:locale\" content=\"en_GB\" \/>\n<meta property=\"og:type\" content=\"article\" \/>\n<meta property=\"og:title\" content=\"Programme FORUMESURE 2023\" \/>\n<meta property=\"og:description\" content=\"Le Programme FORUMESURE 2023 est arriv\u00e9 ! Venez le d\u00e9couvrir ! Cette ann\u00e9e nous nous retrouverons \u00e0 Bordeaux du 06 au 07 juin 2023.\" \/>\n<meta property=\"og:url\" content=\"https:\/\/www.forumesure.com\/en\/programme-forumesure-2023\/\" \/>\n<meta property=\"og:site_name\" content=\"Forumesure\" \/>\n<meta property=\"article:modified_time\" content=\"2024-07-22T08:37:28+00:00\" \/>\n<meta property=\"og:image\" content=\"https:\/\/www.forumesure.com\/wp-content\/uploads\/2018\/10\/Fotolia_197565964_XL-400x150.jpg\" \/>\n<meta name=\"twitter:label1\" content=\"Estimated reading time\" \/>\n\t<meta name=\"twitter:data1\" content=\"1 minute\" \/>\n<script type=\"application\/ld+json\" class=\"yoast-schema-graph\">{\"@context\":\"https:\/\/schema.org\",\"@graph\":[{\"@type\":\"WebPage\",\"@id\":\"https:\/\/www.forumesure.com\/programme-forumesure-2023\/\",\"url\":\"https:\/\/www.forumesure.com\/programme-forumesure-2023\/\",\"name\":\"Programme FORUMESURE 2023\",\"isPartOf\":{\"@id\":\"https:\/\/www.forumesure.com\/#website\"},\"datePublished\":\"2012-06-27T15:31:44+00:00\",\"dateModified\":\"2024-07-22T08:37:28+00:00\",\"description\":\"Le Programme FORUMESURE 2023 est arriv\u00e9 ! Venez le d\u00e9couvrir ! Cette ann\u00e9e nous nous retrouverons \u00e0 Bordeaux du 06 au 07 juin 2023.\",\"breadcrumb\":{\"@id\":\"https:\/\/www.forumesure.com\/programme-forumesure-2023\/#breadcrumb\"},\"inLanguage\":\"en-GB\",\"potentialAction\":[{\"@type\":\"ReadAction\",\"target\":[\"https:\/\/www.forumesure.com\/programme-forumesure-2023\/\"]}]},{\"@type\":\"BreadcrumbList\",\"@id\":\"https:\/\/www.forumesure.com\/programme-forumesure-2023\/#breadcrumb\",\"itemListElement\":[{\"@type\":\"ListItem\",\"position\":1,\"name\":\"Accueil\",\"item\":\"https:\/\/www.forumesure.com\/\"},{\"@type\":\"ListItem\",\"position\":2,\"name\":\"Programme\"}]},{\"@type\":\"WebSite\",\"@id\":\"https:\/\/www.forumesure.com\/#website\",\"url\":\"https:\/\/www.forumesure.com\/\",\"name\":\"Forumesure\",\"description\":\"Salon sur la Mesure, l&#039;Instrumentation et la Data - Exposition d\u2019\u00e9quipements de mesure et de contr\u00f4le[:en]Exhibition on Instrumentation, Measurement and Data Science - Exhibition of Measurement, Instrumentation and Data Science\",\"publisher\":{\"@id\":\"https:\/\/www.forumesure.com\/#organization\"},\"potentialAction\":[{\"@type\":\"SearchAction\",\"target\":{\"@type\":\"EntryPoint\",\"urlTemplate\":\"https:\/\/www.forumesure.com\/?s={search_term_string}\"},\"query-input\":\"required name=search_term_string\"}],\"inLanguage\":\"en-GB\"},{\"@type\":\"Organization\",\"@id\":\"https:\/\/www.forumesure.com\/#organization\",\"name\":\"Forumesure\",\"url\":\"https:\/\/www.forumesure.com\/\",\"logo\":{\"@type\":\"ImageObject\",\"inLanguage\":\"en-GB\",\"@id\":\"https:\/\/www.forumesure.com\/#\/schema\/logo\/image\/\",\"url\":\"https:\/\/www.forumesure.com\/wp-content\/uploads\/2018\/10\/LOGO-Forumesure-2019-web-e1539603263162.png\",\"contentUrl\":\"https:\/\/www.forumesure.com\/wp-content\/uploads\/2018\/10\/LOGO-Forumesure-2019-web-e1539603263162.png\",\"width\":200,\"height\":49,\"caption\":\"Forumesure\"},\"image\":{\"@id\":\"https:\/\/www.forumesure.com\/#\/schema\/logo\/image\/\"}}]}<\/script>\n<!-- \/ Yoast SEO plugin. -->","yoast_head_json":{"title":"Programme FORUMESURE 2023","description":"Le Programme FORUMESURE 2023 est arriv\u00e9 ! Venez le d\u00e9couvrir ! Cette ann\u00e9e nous nous retrouverons \u00e0 Bordeaux du 06 au 07 juin 2023.","robots":{"index":"index","follow":"follow","max-snippet":"max-snippet:-1","max-image-preview":"max-image-preview:large","max-video-preview":"max-video-preview:-1"},"canonical":"https:\/\/www.forumesure.com\/en\/programme-forumesure-2023\/","og_locale":"en_GB","og_type":"article","og_title":"Programme FORUMESURE 2023","og_description":"Le Programme FORUMESURE 2023 est arriv\u00e9 ! Venez le d\u00e9couvrir ! Cette ann\u00e9e nous nous retrouverons \u00e0 Bordeaux du 06 au 07 juin 2023.","og_url":"https:\/\/www.forumesure.com\/en\/programme-forumesure-2023\/","og_site_name":"Forumesure","article_modified_time":"2024-07-22T08:37:28+00:00","og_image":[{"url":"https:\/\/www.forumesure.com\/wp-content\/uploads\/2018\/10\/Fotolia_197565964_XL-400x150.jpg"}],"twitter_misc":{"Estimated reading time":"1 minute"},"schema":{"@context":"https:\/\/schema.org","@graph":[{"@type":"WebPage","@id":"https:\/\/www.forumesure.com\/programme-forumesure-2023\/","url":"https:\/\/www.forumesure.com\/programme-forumesure-2023\/","name":"Programme FORUMESURE 2023","isPartOf":{"@id":"https:\/\/www.forumesure.com\/#website"},"datePublished":"2012-06-27T15:31:44+00:00","dateModified":"2024-07-22T08:37:28+00:00","description":"Le Programme FORUMESURE 2023 est arriv\u00e9 ! Venez le d\u00e9couvrir ! Cette ann\u00e9e nous nous retrouverons \u00e0 Bordeaux du 06 au 07 juin 2023.","breadcrumb":{"@id":"https:\/\/www.forumesure.com\/programme-forumesure-2023\/#breadcrumb"},"inLanguage":"en-GB","potentialAction":[{"@type":"ReadAction","target":["https:\/\/www.forumesure.com\/programme-forumesure-2023\/"]}]},{"@type":"BreadcrumbList","@id":"https:\/\/www.forumesure.com\/programme-forumesure-2023\/#breadcrumb","itemListElement":[{"@type":"ListItem","position":1,"name":"Accueil","item":"https:\/\/www.forumesure.com\/"},{"@type":"ListItem","position":2,"name":"Programme"}]},{"@type":"WebSite","@id":"https:\/\/www.forumesure.com\/#website","url":"https:\/\/www.forumesure.com\/","name":"Forumesure","description":"Salon sur la Mesure, l&#039;Instrumentation et la Data - Exposition d\u2019\u00e9quipements de mesure et de contr\u00f4le[:en]Exhibition on Instrumentation, Measurement and Data Science - Exhibition of Measurement, Instrumentation and Data Science","publisher":{"@id":"https:\/\/www.forumesure.com\/#organization"},"potentialAction":[{"@type":"SearchAction","target":{"@type":"EntryPoint","urlTemplate":"https:\/\/www.forumesure.com\/?s={search_term_string}"},"query-input":"required name=search_term_string"}],"inLanguage":"en-GB"},{"@type":"Organization","@id":"https:\/\/www.forumesure.com\/#organization","name":"Forumesure","url":"https:\/\/www.forumesure.com\/","logo":{"@type":"ImageObject","inLanguage":"en-GB","@id":"https:\/\/www.forumesure.com\/#\/schema\/logo\/image\/","url":"https:\/\/www.forumesure.com\/wp-content\/uploads\/2018\/10\/LOGO-Forumesure-2019-web-e1539603263162.png","contentUrl":"https:\/\/www.forumesure.com\/wp-content\/uploads\/2018\/10\/LOGO-Forumesure-2019-web-e1539603263162.png","width":200,"height":49,"caption":"Forumesure"},"image":{"@id":"https:\/\/www.forumesure.com\/#\/schema\/logo\/image\/"}}]}},"_links":{"self":[{"href":"https:\/\/www.forumesure.com\/en\/wp-json\/wp\/v2\/pages\/136"}],"collection":[{"href":"https:\/\/www.forumesure.com\/en\/wp-json\/wp\/v2\/pages"}],"about":[{"href":"https:\/\/www.forumesure.com\/en\/wp-json\/wp\/v2\/types\/page"}],"author":[{"embeddable":true,"href":"https:\/\/www.forumesure.com\/en\/wp-json\/wp\/v2\/users\/8"}],"replies":[{"embeddable":true,"href":"https:\/\/www.forumesure.com\/en\/wp-json\/wp\/v2\/comments?post=136"}],"version-history":[{"count":9,"href":"https:\/\/www.forumesure.com\/en\/wp-json\/wp\/v2\/pages\/136\/revisions"}],"predecessor-version":[{"id":7384,"href":"https:\/\/www.forumesure.com\/en\/wp-json\/wp\/v2\/pages\/136\/revisions\/7384"}],"wp:attachment":[{"href":"https:\/\/www.forumesure.com\/en\/wp-json\/wp\/v2\/media?parent=136"}],"curies":[{"name":"wp","href":"https:\/\/api.w.org\/{rel}","templated":true}]}}