{"id":2051,"date":"2013-03-21T08:15:10","date_gmt":"2013-03-21T08:15:10","guid":{"rendered":"http:\/\/www.forumesure.com\/?page_id=2051"},"modified":"2024-07-22T11:50:05","modified_gmt":"2024-07-22T09:50:05","slug":"pourquoi-venir-visiter","status":"publish","type":"page","link":"https:\/\/www.forumesure.com\/en\/forumesure-06-07-juin-2023\/pourquoi-venir-visiter\/","title":{"rendered":"Why come to visit ?"},"content":{"rendered":"<div data-elementor-type=\"wp-post\" data-elementor-id=\"2051\" class=\"elementor elementor-2051\">\n\t\t\t\t\t\t<div class=\"elementor-inner\">\n\t\t\t\t<div class=\"elementor-section-wrap\">\n\t\t\t\t\t\t\t\t\t<section class=\"elementor-section elementor-top-section elementor-element elementor-element-e3288d0 elementor-section-content-middle elementor-section-stretched elementor-section-boxed elementor-section-height-default elementor-section-height-default\" data-id=\"e3288d0\" data-element_type=\"section\" data-settings=\"{&quot;stretch_section&quot;:&quot;section-stretched&quot;,&quot;shape_divider_top&quot;:&quot;opacity-fan&quot;}\">\n\t\t\t\t\t<div class=\"elementor-shape elementor-shape-top\" data-negative=\"false\">\n\t\t\t<svg xmlns=\"http:\/\/www.w3.org\/2000\/svg\" viewbox=\"0 0 283.5 19.6\" preserveaspectratio=\"none\">\n\t<path class=\"elementor-shape-fill\" style=\"opacity:0.33\" d=\"M0 0L0 18.8 141.8 4.1 283.5 18.8 283.5 0z\"\/>\n\t<path class=\"elementor-shape-fill\" style=\"opacity:0.33\" d=\"M0 0L0 12.6 141.8 4 283.5 12.6 283.5 0z\"\/>\n\t<path class=\"elementor-shape-fill\" style=\"opacity:0.33\" d=\"M0 0L0 6.4 141.8 4 283.5 6.4 283.5 0z\"\/>\n\t<path class=\"elementor-shape-fill\" d=\"M0 0L0 1.2 141.8 4 283.5 1.2 283.5 0z\"\/>\n<\/svg>\t\t<\/div>\n\t\t\t\t\t<div class=\"elementor-container elementor-column-gap-no\">\n\t\t\t\t\t\t\t<div class=\"elementor-row\">\n\t\t\t\t\t<div class=\"elementor-column elementor-col-100 elementor-top-column elementor-element elementor-element-3b51935\" data-id=\"3b51935\" data-element_type=\"column\">\n\t\t\t<div class=\"elementor-column-wrap elementor-element-populated\">\n\t\t\t\t\t\t\t<div class=\"elementor-widget-wrap\">\n\t\t\t\t\t\t<div class=\"elementor-element elementor-element-716561e elementor-widget elementor-widget-heading\" data-id=\"716561e\" data-element_type=\"widget\" data-widget_type=\"heading.default\">\n\t\t\t\t<div class=\"elementor-widget-container\">\n\t\t\t<h4 class=\"elementor-heading-title elementor-size-default\">FORUMESURE is:<\/h4>\t\t<\/div>\n\t\t\t\t<\/div>\n\t\t\t\t<div class=\"elementor-element elementor-element-6b45196 elementor-widget elementor-widget-text-editor\" data-id=\"6b45196\" data-element_type=\"widget\" data-widget_type=\"text-editor.default\">\n\t\t\t\t<div class=\"elementor-widget-container\">\n\t\t\t\t\t\t\t\t<div class=\"elementor-text-editor elementor-clearfix\">\n\t\t\t\t<ul style=\"color: #575757; font-size: 14px; text-align: start;\"><li style=\"text-align: justify;\">2 and a half days of exchanges and networking with measurement equipment professionals, to develop your technical projects, renew your equipment and envisage new collaborations\u00a0<\/li><li style=\"text-align: justify;\">access to an international network<\/li><li style=\"text-align: justify;\">to better understand the activities related to measurement and metrology<\/li><li style=\"text-align: justify;\">free conferences on the topics of measurement and metrology<\/li><li style=\"text-align: justify;\">high level paid technical days on measurement, metrology, accreditation, applied statistics, and quality,...<\/li><\/ul>\t\t\t\t\t<\/div>\n\t\t\t\t\t\t<\/div>\n\t\t\t\t<\/div>\n\t\t\t\t<section class=\"elementor-section elementor-inner-section elementor-element elementor-element-9fca340 elementor-section-content-middle elementor-section-boxed elementor-section-height-default elementor-section-height-default\" data-id=\"9fca340\" data-element_type=\"section\">\n\t\t\t\t\t\t<div class=\"elementor-container elementor-column-gap-no\">\n\t\t\t\t\t\t\t<div class=\"elementor-row\">\n\t\t\t\t\t<div class=\"elementor-column elementor-col-100 elementor-inner-column elementor-element elementor-element-56189c4\" data-id=\"56189c4\" data-element_type=\"column\">\n\t\t\t<div class=\"elementor-column-wrap elementor-element-populated\">\n\t\t\t\t\t\t\t<div class=\"elementor-widget-wrap\">\n\t\t\t\t\t\t<div class=\"elementor-element elementor-element-023ad59 elementor-align-center elementor-widget elementor-widget-button\" data-id=\"023ad59\" data-element_type=\"widget\" data-widget_type=\"button.default\">\n\t\t\t\t<div class=\"elementor-widget-container\">\n\t\t\t\t\t<div class=\"elementor-button-wrapper\">\n\t\t\t<a href=\"https:\/\/www.forumesure.com\/en\/visiteurs\/badge\/\" class=\"elementor-button-link elementor-button elementor-size-sm elementor-animation-grow\" role=\"button\">\n\t\t\t\t\t\t<span class=\"elementor-button-content-wrapper\">\n\t\t\t\t\t\t<span class=\"elementor-button-text\">Click here to get a free badge<\/span>\n\t\t<\/span>\n\t\t\t\t\t<\/a>\n\t\t<\/div>\n\t\t\t\t<\/div>\n\t\t\t\t<\/div>\n\t\t\t\t\t\t<\/div>\n\t\t\t\t\t<\/div>\n\t\t<\/div>\n\t\t\t\t\t\t\t\t<\/div>\n\t\t\t\t\t<\/div>\n\t\t<\/section>\n\t\t\t\t\t\t<\/div>\n\t\t\t\t\t<\/div>\n\t\t<\/div>\n\t\t\t\t\t\t\t\t<\/div>\n\t\t\t\t\t<\/div>\n\t\t<\/section>\n\t\t\t\t<section class=\"elementor-section elementor-top-section elementor-element elementor-element-179b010 elementor-section-content-middle elementor-section-boxed elementor-section-height-default elementor-section-height-default\" data-id=\"179b010\" data-element_type=\"section\">\n\t\t\t\t\t\t<div class=\"elementor-container elementor-column-gap-no\">\n\t\t\t\t\t\t\t<div class=\"elementor-row\">\n\t\t\t\t\t<div class=\"elementor-column elementor-col-100 elementor-top-column elementor-element elementor-element-082c69d\" data-id=\"082c69d\" data-element_type=\"column\">\n\t\t\t<div class=\"elementor-column-wrap elementor-element-populated\">\n\t\t\t\t\t\t\t<div class=\"elementor-widget-wrap\">\n\t\t\t\t\t\t<div class=\"elementor-element elementor-element-576c12d elementor-widget elementor-widget-heading\" data-id=\"576c12d\" data-element_type=\"widget\" data-widget_type=\"heading.default\">\n\t\t\t\t<div class=\"elementor-widget-container\">\n\t\t\t<h4 class=\"elementor-heading-title elementor-size-default\">Testimonials from visitors<\/h4>\t\t<\/div>\n\t\t\t\t<\/div>\n\t\t\t\t<section class=\"elementor-section elementor-inner-section elementor-element elementor-element-3268dab elementor-section-boxed elementor-section-height-default elementor-section-height-default\" data-id=\"3268dab\" data-element_type=\"section\">\n\t\t\t\t\t\t<div class=\"elementor-container elementor-column-gap-default\">\n\t\t\t\t\t\t\t<div class=\"elementor-row\">\n\t\t\t\t\t<div class=\"elementor-column elementor-col-33 elementor-inner-column elementor-element elementor-element-e497722\" data-id=\"e497722\" data-element_type=\"column\">\n\t\t\t<div class=\"elementor-column-wrap elementor-element-populated\">\n\t\t\t\t\t\t\t<div class=\"elementor-widget-wrap\">\n\t\t\t\t\t\t<div class=\"elementor-element elementor-element-edf6248 elementor-widget elementor-widget-testimonial\" data-id=\"edf6248\" data-element_type=\"widget\" data-widget_type=\"testimonial.default\">\n\t\t\t\t<div class=\"elementor-widget-container\">\n\t\t\t\t\t<div class=\"elementor-testimonial-wrapper\">\n\t\t\t\t\t\t\t<div class=\"elementor-testimonial-content\">\"I would like to participate in this conference in order to exchange with other counterparts on metrology management processes in order to improve our processes on a daily basis and to exchange different feedback.\"<\/div>\n\t\t\t\n\t\t\t\t\t\t<div class=\"elementor-testimonial-meta\">\n\t\t\t\t<div class=\"elementor-testimonial-meta-inner\">\n\t\t\t\t\t\n\t\t\t\t\t\t\t\t\t\t<div class=\"elementor-testimonial-details\">\n\t\t\t\t\t\t\t\t\t\t\t\t\t\t<div class=\"elementor-testimonial-name\">Metrology manager<\/div>\n\t\t\t\t\t\t\t\t\t\t\t\t\t\t\t\t\t\t\t<\/div>\n\t\t\t\t\t\t\t\t\t<\/div>\n\t\t\t<\/div>\n\t\t\t\t\t<\/div>\n\t\t\t\t<\/div>\n\t\t\t\t<\/div>\n\t\t\t\t\t\t<\/div>\n\t\t\t\t\t<\/div>\n\t\t<\/div>\n\t\t\t\t<div class=\"elementor-column elementor-col-33 elementor-inner-column elementor-element elementor-element-b2f32b5\" data-id=\"b2f32b5\" data-element_type=\"column\">\n\t\t\t<div class=\"elementor-column-wrap elementor-element-populated\">\n\t\t\t\t\t\t\t<div class=\"elementor-widget-wrap\">\n\t\t\t\t\t\t<div class=\"elementor-element elementor-element-28df59b elementor-widget elementor-widget-testimonial\" data-id=\"28df59b\" data-element_type=\"widget\" data-widget_type=\"testimonial.default\">\n\t\t\t\t<div class=\"elementor-widget-container\">\n\t\t\t\t\t<div class=\"elementor-testimonial-wrapper\">\n\t\t\t\t\t\t\t<div class=\"elementor-testimonial-content\"><span style=\"color: rgb(87, 87, 87); text-align: justify; white-space: normal;\">\"This is our first participation in such a forum and&nbsp;<\/span><span style=\"color: rgb(87, 87, 87); text-align: justify; white-space: normal;\">we hope to benefit greatly from it<\/span><span style=\"color: rgb(87, 87, 87); text-align: justify; white-space: normal;\">&nbsp;as some of the testimonies have indicated.\"<\/span><\/div>\n\t\t\t\n\t\t\t\t\t\t<div class=\"elementor-testimonial-meta\">\n\t\t\t\t<div class=\"elementor-testimonial-meta-inner\">\n\t\t\t\t\t\n\t\t\t\t\t\t\t\t\t\t<div class=\"elementor-testimonial-details\">\n\t\t\t\t\t\t\t\t\t\t\t\t\t\t<div class=\"elementor-testimonial-name\">Visitor from Ivory Coast<\/div>\n\t\t\t\t\t\t\t\t\t\t\t\t\t\t\t\t\t\t\t<\/div>\n\t\t\t\t\t\t\t\t\t<\/div>\n\t\t\t<\/div>\n\t\t\t\t\t<\/div>\n\t\t\t\t<\/div>\n\t\t\t\t<\/div>\n\t\t\t\t\t\t<\/div>\n\t\t\t\t\t<\/div>\n\t\t<\/div>\n\t\t\t\t<div class=\"elementor-column elementor-col-33 elementor-inner-column elementor-element elementor-element-bd40614\" data-id=\"bd40614\" data-element_type=\"column\">\n\t\t\t<div class=\"elementor-column-wrap elementor-element-populated\">\n\t\t\t\t\t\t\t<div class=\"elementor-widget-wrap\">\n\t\t\t\t\t\t<div class=\"elementor-element elementor-element-98797ff elementor-widget elementor-widget-testimonial\" data-id=\"98797ff\" data-element_type=\"widget\" data-widget_type=\"testimonial.default\">\n\t\t\t\t<div class=\"elementor-widget-container\">\n\t\t\t\t\t<div class=\"elementor-testimonial-wrapper\">\n\t\t\t\t\t\t\t<div class=\"elementor-testimonial-content\"><span style=\"color: rgb(87, 87, 87); text-align: justify; white-space: normal;\">For the exhibition you are organizing in Casablanca from 22 to 24 April 2013 (FORUMESURE), I will be there. I have already put it on my agenda and I will visit it. We have been committed to a quality management process for 5 years. This policy imposes and requires a&nbsp;<\/span><span style=\"color: rgb(87, 87, 87); text-align: justify; white-space: normal;\">continuous improvement<\/span><span style=\"color: rgb(87, 87, 87); text-align: justify; white-space: normal;\">&nbsp;of our system (5M: Material<\/span><span style=\"color: rgb(87, 87, 87); font-style: italic; text-align: justify; white-space: normal;\"> <\/span><span style=\"color: rgb(87, 87, 87); text-align: justify; white-space: normal;\">Fair and adequate equipment, Competent workforce, Reliable methods, Efficient means, Controlled environment) towards performance to make results reliable and also&nbsp;<\/span><span style=\"color: rgb(87, 87, 87); text-align: justify; white-space: normal;\">satisfy our customers...<\/span><span style=\"color: rgb(87, 87, 87); text-align: justify; white-space: normal;\">&nbsp;And we can't achieve this goal without&nbsp;<\/span><span style=\"color: rgb(87, 87, 87); text-align: justify; white-space: normal;\">follow the news<\/span><span style=\"color: rgb(87, 87, 87); text-align: justify; white-space: normal;\">.\"<\/span><\/div>\n\t\t\t\n\t\t\t\t\t\t<div class=\"elementor-testimonial-meta\">\n\t\t\t\t<div class=\"elementor-testimonial-meta-inner\">\n\t\t\t\t\t\n\t\t\t\t\t\t\t\t\t\t<div class=\"elementor-testimonial-details\">\n\t\t\t\t\t\t\t\t\t\t\t\t\t\t<div class=\"elementor-testimonial-name\">Head of a Moroccan analytical laboratory in the field of health and hygiene<\/div>\n\t\t\t\t\t\t\t\t\t\t\t\t\t\t\t\t\t\t\t<\/div>\n\t\t\t\t\t\t\t\t\t<\/div>\n\t\t\t<\/div>\n\t\t\t\t\t<\/div>\n\t\t\t\t<\/div>\n\t\t\t\t<\/div>\n\t\t\t\t\t\t<\/div>\n\t\t\t\t\t<\/div>\n\t\t<\/div>\n\t\t\t\t\t\t\t\t<\/div>\n\t\t\t\t\t<\/div>\n\t\t<\/section>\n\t\t\t\t\t\t<\/div>\n\t\t\t\t\t<\/div>\n\t\t<\/div>\n\t\t\t\t\t\t\t\t<\/div>\n\t\t\t\t\t<\/div>\n\t\t<\/section>\n\t\t\t\t\t\t\t\t\t<\/div>\n\t\t\t<\/div>\n\t\t\t\t\t<\/div>","protected":false},"excerpt":{"rendered":"<p>FORUMESURE c&rsquo;est : 2 jours et demi d\u2019\u00e9changes et de mise en r\u00e9seau avec les professionnels d\u2019\u00e9quipements de mesure, pour d\u00e9velopper vos projets techniques, renouveler votre \u00e9quipement et envisager de nouvelles collaborations\u00a0<\/p>\n<a class=\"moretag noptoppad\" href=\"https:\/\/www.forumesure.com\/en\/forumesure-06-07-juin-2023\/pourquoi-venir-visiter\/\">Read More...<\/a>","protected":false},"author":8,"featured_media":0,"parent":35,"menu_order":0,"comment_status":"closed","ping_status":"open","template":"","meta":[],"yoast_head":"<!-- This site is optimized with the Yoast SEO plugin v19.14 - https:\/\/yoast.com\/wordpress\/plugins\/seo\/ -->\n<title>Pourquoi venir visiter ? - Forumesure<\/title>\n<meta name=\"description\" content=\"T\u00e9moignages concernant FORUMESURE, salon d&#039;exposition sur l&#039;instrumentation, la mesure et la qualit\u00e9, du 19 au 21 mai 2015 \u00e0 Alger, Alg\u00e9rie.\" \/>\n<meta name=\"robots\" content=\"index, follow, max-snippet:-1, max-image-preview:large, max-video-preview:-1\" \/>\n<link rel=\"canonical\" href=\"https:\/\/www.forumesure.com\/en\/forumesure-06-07-juin-2023\/pourquoi-venir-visiter\/\" \/>\n<meta property=\"og:locale\" content=\"en_GB\" \/>\n<meta property=\"og:type\" content=\"article\" \/>\n<meta property=\"og:title\" content=\"Pourquoi venir visiter ? - Forumesure\" \/>\n<meta property=\"og:description\" content=\"T\u00e9moignages concernant FORUMESURE, salon d&#039;exposition sur l&#039;instrumentation, la mesure et la qualit\u00e9, du 19 au 21 mai 2015 \u00e0 Alger, Alg\u00e9rie.\" \/>\n<meta property=\"og:url\" content=\"https:\/\/www.forumesure.com\/en\/forumesure-06-07-juin-2023\/pourquoi-venir-visiter\/\" \/>\n<meta property=\"og:site_name\" content=\"Forumesure\" \/>\n<meta property=\"article:modified_time\" content=\"2024-07-22T09:50:05+00:00\" \/>\n<meta name=\"twitter:label1\" content=\"Estimated reading time\" \/>\n\t<meta name=\"twitter:data1\" content=\"1 minute\" \/>\n<script type=\"application\/ld+json\" class=\"yoast-schema-graph\">{\"@context\":\"https:\/\/schema.org\",\"@graph\":[{\"@type\":\"WebPage\",\"@id\":\"https:\/\/www.forumesure.com\/forumesure-06-07-juin-2023\/pourquoi-venir-visiter\/\",\"url\":\"https:\/\/www.forumesure.com\/forumesure-06-07-juin-2023\/pourquoi-venir-visiter\/\",\"name\":\"Pourquoi venir visiter ? - Forumesure\",\"isPartOf\":{\"@id\":\"https:\/\/www.forumesure.com\/#website\"},\"datePublished\":\"2013-03-21T08:15:10+00:00\",\"dateModified\":\"2024-07-22T09:50:05+00:00\",\"description\":\"T\u00e9moignages concernant FORUMESURE, salon d'exposition sur l'instrumentation, la mesure et la qualit\u00e9, du 19 au 21 mai 2015 \u00e0 Alger, Alg\u00e9rie.\",\"breadcrumb\":{\"@id\":\"https:\/\/www.forumesure.com\/forumesure-06-07-juin-2023\/pourquoi-venir-visiter\/#breadcrumb\"},\"inLanguage\":\"en-GB\",\"potentialAction\":[{\"@type\":\"ReadAction\",\"target\":[\"https:\/\/www.forumesure.com\/forumesure-06-07-juin-2023\/pourquoi-venir-visiter\/\"]}]},{\"@type\":\"BreadcrumbList\",\"@id\":\"https:\/\/www.forumesure.com\/forumesure-06-07-juin-2023\/pourquoi-venir-visiter\/#breadcrumb\",\"itemListElement\":[{\"@type\":\"ListItem\",\"position\":1,\"name\":\"Accueil\",\"item\":\"https:\/\/www.forumesure.com\/\"},{\"@type\":\"ListItem\",\"position\":2,\"name\":\"Visiteurs\",\"item\":\"https:\/\/www.forumesure.com\/forumesure-06-07-juin-2023\/\"},{\"@type\":\"ListItem\",\"position\":3,\"name\":\"Pourquoi venir visiter ?\"}]},{\"@type\":\"WebSite\",\"@id\":\"https:\/\/www.forumesure.com\/#website\",\"url\":\"https:\/\/www.forumesure.com\/\",\"name\":\"Forumesure\",\"description\":\"Salon sur la Mesure, l&#039;Instrumentation et la Data - Exposition d\u2019\u00e9quipements de mesure et de contr\u00f4le[:en]Exhibition on Instrumentation, Measurement and Data Science - Exhibition of Measurement, Instrumentation and Data Science\",\"publisher\":{\"@id\":\"https:\/\/www.forumesure.com\/#organization\"},\"potentialAction\":[{\"@type\":\"SearchAction\",\"target\":{\"@type\":\"EntryPoint\",\"urlTemplate\":\"https:\/\/www.forumesure.com\/?s={search_term_string}\"},\"query-input\":\"required name=search_term_string\"}],\"inLanguage\":\"en-GB\"},{\"@type\":\"Organization\",\"@id\":\"https:\/\/www.forumesure.com\/#organization\",\"name\":\"Forumesure\",\"url\":\"https:\/\/www.forumesure.com\/\",\"logo\":{\"@type\":\"ImageObject\",\"inLanguage\":\"en-GB\",\"@id\":\"https:\/\/www.forumesure.com\/#\/schema\/logo\/image\/\",\"url\":\"https:\/\/www.forumesure.com\/wp-content\/uploads\/2018\/10\/LOGO-Forumesure-2019-web-e1539603263162.png\",\"contentUrl\":\"https:\/\/www.forumesure.com\/wp-content\/uploads\/2018\/10\/LOGO-Forumesure-2019-web-e1539603263162.png\",\"width\":200,\"height\":49,\"caption\":\"Forumesure\"},\"image\":{\"@id\":\"https:\/\/www.forumesure.com\/#\/schema\/logo\/image\/\"}}]}<\/script>\n<!-- \/ Yoast SEO plugin. -->","yoast_head_json":{"title":"Pourquoi venir visiter ? - Forumesure","description":"T\u00e9moignages concernant FORUMESURE, salon d'exposition sur l'instrumentation, la mesure et la qualit\u00e9, du 19 au 21 mai 2015 \u00e0 Alger, Alg\u00e9rie.","robots":{"index":"index","follow":"follow","max-snippet":"max-snippet:-1","max-image-preview":"max-image-preview:large","max-video-preview":"max-video-preview:-1"},"canonical":"https:\/\/www.forumesure.com\/en\/forumesure-06-07-juin-2023\/pourquoi-venir-visiter\/","og_locale":"en_GB","og_type":"article","og_title":"Pourquoi venir visiter ? - Forumesure","og_description":"T\u00e9moignages concernant FORUMESURE, salon d'exposition sur l'instrumentation, la mesure et la qualit\u00e9, du 19 au 21 mai 2015 \u00e0 Alger, Alg\u00e9rie.","og_url":"https:\/\/www.forumesure.com\/en\/forumesure-06-07-juin-2023\/pourquoi-venir-visiter\/","og_site_name":"Forumesure","article_modified_time":"2024-07-22T09:50:05+00:00","twitter_misc":{"Estimated reading time":"1 minute"},"schema":{"@context":"https:\/\/schema.org","@graph":[{"@type":"WebPage","@id":"https:\/\/www.forumesure.com\/forumesure-06-07-juin-2023\/pourquoi-venir-visiter\/","url":"https:\/\/www.forumesure.com\/forumesure-06-07-juin-2023\/pourquoi-venir-visiter\/","name":"Pourquoi venir visiter ? - Forumesure","isPartOf":{"@id":"https:\/\/www.forumesure.com\/#website"},"datePublished":"2013-03-21T08:15:10+00:00","dateModified":"2024-07-22T09:50:05+00:00","description":"T\u00e9moignages concernant FORUMESURE, salon d'exposition sur l'instrumentation, la mesure et la qualit\u00e9, du 19 au 21 mai 2015 \u00e0 Alger, Alg\u00e9rie.","breadcrumb":{"@id":"https:\/\/www.forumesure.com\/forumesure-06-07-juin-2023\/pourquoi-venir-visiter\/#breadcrumb"},"inLanguage":"en-GB","potentialAction":[{"@type":"ReadAction","target":["https:\/\/www.forumesure.com\/forumesure-06-07-juin-2023\/pourquoi-venir-visiter\/"]}]},{"@type":"BreadcrumbList","@id":"https:\/\/www.forumesure.com\/forumesure-06-07-juin-2023\/pourquoi-venir-visiter\/#breadcrumb","itemListElement":[{"@type":"ListItem","position":1,"name":"Accueil","item":"https:\/\/www.forumesure.com\/"},{"@type":"ListItem","position":2,"name":"Visiteurs","item":"https:\/\/www.forumesure.com\/forumesure-06-07-juin-2023\/"},{"@type":"ListItem","position":3,"name":"Pourquoi venir visiter ?"}]},{"@type":"WebSite","@id":"https:\/\/www.forumesure.com\/#website","url":"https:\/\/www.forumesure.com\/","name":"Forumesure","description":"Salon sur la Mesure, l&#039;Instrumentation et la Data - Exposition d\u2019\u00e9quipements de mesure et de contr\u00f4le[:en]Exhibition on Instrumentation, Measurement and Data Science - Exhibition of Measurement, Instrumentation and Data Science","publisher":{"@id":"https:\/\/www.forumesure.com\/#organization"},"potentialAction":[{"@type":"SearchAction","target":{"@type":"EntryPoint","urlTemplate":"https:\/\/www.forumesure.com\/?s={search_term_string}"},"query-input":"required name=search_term_string"}],"inLanguage":"en-GB"},{"@type":"Organization","@id":"https:\/\/www.forumesure.com\/#organization","name":"Forumesure","url":"https:\/\/www.forumesure.com\/","logo":{"@type":"ImageObject","inLanguage":"en-GB","@id":"https:\/\/www.forumesure.com\/#\/schema\/logo\/image\/","url":"https:\/\/www.forumesure.com\/wp-content\/uploads\/2018\/10\/LOGO-Forumesure-2019-web-e1539603263162.png","contentUrl":"https:\/\/www.forumesure.com\/wp-content\/uploads\/2018\/10\/LOGO-Forumesure-2019-web-e1539603263162.png","width":200,"height":49,"caption":"Forumesure"},"image":{"@id":"https:\/\/www.forumesure.com\/#\/schema\/logo\/image\/"}}]}},"_links":{"self":[{"href":"https:\/\/www.forumesure.com\/en\/wp-json\/wp\/v2\/pages\/2051"}],"collection":[{"href":"https:\/\/www.forumesure.com\/en\/wp-json\/wp\/v2\/pages"}],"about":[{"href":"https:\/\/www.forumesure.com\/en\/wp-json\/wp\/v2\/types\/page"}],"author":[{"embeddable":true,"href":"https:\/\/www.forumesure.com\/en\/wp-json\/wp\/v2\/users\/8"}],"replies":[{"embeddable":true,"href":"https:\/\/www.forumesure.com\/en\/wp-json\/wp\/v2\/comments?post=2051"}],"version-history":[{"count":3,"href":"https:\/\/www.forumesure.com\/en\/wp-json\/wp\/v2\/pages\/2051\/revisions"}],"predecessor-version":[{"id":7456,"href":"https:\/\/www.forumesure.com\/en\/wp-json\/wp\/v2\/pages\/2051\/revisions\/7456"}],"up":[{"embeddable":true,"href":"https:\/\/www.forumesure.com\/en\/wp-json\/wp\/v2\/pages\/35"}],"wp:attachment":[{"href":"https:\/\/www.forumesure.com\/en\/wp-json\/wp\/v2\/media?parent=2051"}],"curies":[{"name":"wp","href":"https:\/\/api.w.org\/{rel}","templated":true}]}}