{"id":2963,"date":"2014-10-01T08:56:27","date_gmt":"2014-10-01T08:56:27","guid":{"rendered":"http:\/\/www.forumesure.com\/?page_id=2963"},"modified":"2020-06-08T16:16:09","modified_gmt":"2020-06-08T14:16:09","slug":"exposants-2015","status":"publish","type":"page","link":"https:\/\/www.forumesure.com\/en\/salon-de-metrologie\/exposants-2015\/","title":{"rendered":"Exhibitors 2015"},"content":{"rendered":"<div data-elementor-type=\"wp-post\" data-elementor-id=\"2963\" class=\"elementor elementor-2963\">\n\t\t\t\t\t\t<div class=\"elementor-inner\">\n\t\t\t\t<div class=\"elementor-section-wrap\">\n\t\t\t\t\t\t\t\t\t<section class=\"elementor-section elementor-top-section elementor-element elementor-element-41ce2509 elementor-section-boxed elementor-section-height-default elementor-section-height-default\" data-id=\"41ce2509\" data-element_type=\"section\">\n\t\t\t\t\t\t<div class=\"elementor-container elementor-column-gap-default\">\n\t\t\t\t\t\t\t<div class=\"elementor-row\">\n\t\t\t\t\t<div class=\"elementor-column elementor-col-100 elementor-top-column elementor-element elementor-element-54237193\" data-id=\"54237193\" data-element_type=\"column\">\n\t\t\t<div class=\"elementor-column-wrap elementor-element-populated\">\n\t\t\t\t\t\t\t<div class=\"elementor-widget-wrap\">\n\t\t\t\t\t\t<div class=\"elementor-element elementor-element-c5ea3b0 elementor-widget elementor-widget-heading\" data-id=\"c5ea3b0\" data-element_type=\"widget\" data-widget_type=\"heading.default\">\n\t\t\t\t<div class=\"elementor-widget-container\">\n\t\t\t<h2 class=\"elementor-heading-title elementor-size-default\"><h2 data-elementor-setting-key=\"title\" data-pen-placeholder=\"\u00c9crivez ici...\" style=\"color: rgb(59, 144, 67);\">FORUMESURE March 2015 in Algers, ALGERIA<\/h2><\/h2>\t\t<\/div>\n\t\t\t\t<\/div>\n\t\t\t\t<div class=\"elementor-element elementor-element-c3f7009 elementor-arrows-position-inside elementor-widget elementor-widget-image-carousel\" data-id=\"c3f7009\" data-element_type=\"widget\" data-settings=\"{&quot;slides_to_show&quot;:&quot;1&quot;,&quot;navigation&quot;:&quot;arrows&quot;,&quot;autoplay&quot;:&quot;yes&quot;,&quot;pause_on_hover&quot;:&quot;yes&quot;,&quot;pause_on_interaction&quot;:&quot;yes&quot;,&quot;autoplay_speed&quot;:5000,&quot;infinite&quot;:&quot;yes&quot;,&quot;effect&quot;:&quot;slide&quot;,&quot;speed&quot;:500}\" data-widget_type=\"image-carousel.default\">\n\t\t\t\t<div class=\"elementor-widget-container\">\n\t\t\t\t\t<div class=\"elementor-image-carousel-wrapper swiper-container\" dir=\"ltr\">\n\t\t\t<div class=\"elementor-image-carousel swiper-wrapper\">\n\t\t\t\t\t\t\t\t<div class=\"swiper-slide\"><a data-elementor-open-lightbox=\"yes\" data-elementor-lightbox-slideshow=\"c3f7009\" data-elementor-lightbox-title=\"Exposant au salon international de la mesure\" e-action-hash=\"#elementor-action%3Aaction%3Dlightbox%26settings%3DeyJpZCI6MzU3MCwidXJsIjoiaHR0cHM6XC9cL3d3dy5mb3J1bWVzdXJlLmNvbVwvd3AtY29udGVudFwvdXBsb2Fkc1wvMjAxNFwvMTBcL3RodW1iX0lNR18xODQ4XzEwMjQuanBnIiwic2xpZGVzaG93IjoiYzNmNzAwOSJ9\" href=\"https:\/\/www.forumesure.com\/wp-content\/uploads\/2014\/10\/thumb_IMG_1848_1024.jpg\"><figure class=\"swiper-slide-inner\"><img decoding=\"async\" class=\"swiper-slide-image\" src=\"https:\/\/www.forumesure.com\/wp-content\/uploads\/2014\/10\/thumb_IMG_1848_1024.jpg\" alt=\"Forumesure, salon international de la mesure et de la qualti\u00e9\" \/><\/figure><\/a><\/div><div class=\"swiper-slide\"><a data-elementor-open-lightbox=\"yes\" data-elementor-lightbox-slideshow=\"c3f7009\" data-elementor-lightbox-title=\"Salon sur la qualit\u00e9 et la mesure, Forumesure\" e-action-hash=\"#elementor-action%3Aaction%3Dlightbox%26settings%3DeyJpZCI6MzU2OSwidXJsIjoiaHR0cHM6XC9cL3d3dy5mb3J1bWVzdXJlLmNvbVwvd3AtY29udGVudFwvdXBsb2Fkc1wvMjAxNFwvMTBcL3RodW1iX0lNR18xODM3XzEwMjQuanBnIiwic2xpZGVzaG93IjoiYzNmNzAwOSJ9\" href=\"https:\/\/www.forumesure.com\/wp-content\/uploads\/2014\/10\/thumb_IMG_1837_1024.jpg\"><figure class=\"swiper-slide-inner\"><img decoding=\"async\" class=\"swiper-slide-image\" src=\"https:\/\/www.forumesure.com\/wp-content\/uploads\/2014\/10\/thumb_IMG_1837_1024.jpg\" alt=\"Salon de m\u00e9trologie, en France\" \/><\/figure><\/a><\/div><div class=\"swiper-slide\"><a data-elementor-open-lightbox=\"yes\" data-elementor-lightbox-slideshow=\"c3f7009\" data-elementor-lightbox-title=\"FORUMESURE, salon de m\u00e9trologie \u00e0 Nantes\" e-action-hash=\"#elementor-action%3Aaction%3Dlightbox%26settings%3DeyJpZCI6MzU2OCwidXJsIjoiaHR0cHM6XC9cL3d3dy5mb3J1bWVzdXJlLmNvbVwvd3AtY29udGVudFwvdXBsb2Fkc1wvMjAxNFwvMTBcL3RodW1iX0lNR18xODMzXzEwMjQuanBnIiwic2xpZGVzaG93IjoiYzNmNzAwOSJ9\" href=\"https:\/\/www.forumesure.com\/wp-content\/uploads\/2014\/10\/thumb_IMG_1833_1024.jpg\"><figure class=\"swiper-slide-inner\"><img decoding=\"async\" class=\"swiper-slide-image\" src=\"https:\/\/www.forumesure.com\/wp-content\/uploads\/2014\/10\/thumb_IMG_1833_1024.jpg\" alt=\"Salon de m\u00e9trologie sur la qualit\u00e9 et la mesure, la m\u00e9trologie\" \/><\/figure><\/a><\/div><div class=\"swiper-slide\"><a data-elementor-open-lightbox=\"yes\" data-elementor-lightbox-slideshow=\"c3f7009\" data-elementor-lightbox-title=\"thumb_IMG_1618_1024\" e-action-hash=\"#elementor-action%3Aaction%3Dlightbox%26settings%3DeyJpZCI6MzU2NywidXJsIjoiaHR0cHM6XC9cL3d3dy5mb3J1bWVzdXJlLmNvbVwvd3AtY29udGVudFwvdXBsb2Fkc1wvMjAxNFwvMTBcL3RodW1iX0lNR18xNjE4XzEwMjQuanBnIiwic2xpZGVzaG93IjoiYzNmNzAwOSJ9\" href=\"https:\/\/www.forumesure.com\/wp-content\/uploads\/2014\/10\/thumb_IMG_1618_1024.jpg\"><figure class=\"swiper-slide-inner\"><img decoding=\"async\" class=\"swiper-slide-image\" src=\"https:\/\/www.forumesure.com\/wp-content\/uploads\/2014\/10\/thumb_IMG_1618_1024.jpg\" alt=\"thumb_IMG_1618_1024\" \/><\/figure><\/a><\/div><div class=\"swiper-slide\"><a data-elementor-open-lightbox=\"yes\" data-elementor-lightbox-slideshow=\"c3f7009\" data-elementor-lightbox-title=\"thumb_IMG_1701_1024\" e-action-hash=\"#elementor-action%3Aaction%3Dlightbox%26settings%3DeyJpZCI6MzU3MiwidXJsIjoiaHR0cHM6XC9cL3d3dy5mb3J1bWVzdXJlLmNvbVwvd3AtY29udGVudFwvdXBsb2Fkc1wvMjAxNFwvMTBcL3RodW1iX0lNR18xNzAxXzEwMjQuanBnIiwic2xpZGVzaG93IjoiYzNmNzAwOSJ9\" href=\"https:\/\/www.forumesure.com\/wp-content\/uploads\/2014\/10\/thumb_IMG_1701_1024.jpg\"><figure class=\"swiper-slide-inner\"><img decoding=\"async\" class=\"swiper-slide-image\" src=\"https:\/\/www.forumesure.com\/wp-content\/uploads\/2014\/10\/thumb_IMG_1701_1024.jpg\" alt=\"thumb_IMG_1701_1024\" \/><\/figure><\/a><\/div><div class=\"swiper-slide\"><a data-elementor-open-lightbox=\"yes\" data-elementor-lightbox-slideshow=\"c3f7009\" data-elementor-lightbox-title=\"photos Alger 221\" e-action-hash=\"#elementor-action%3Aaction%3Dlightbox%26settings%3DeyJpZCI6MzU3MSwidXJsIjoiaHR0cHM6XC9cL3d3dy5mb3J1bWVzdXJlLmNvbVwvd3AtY29udGVudFwvdXBsb2Fkc1wvMjAxNFwvMTBcL3Bob3Rvcy1BbGdlci0yMjEuanBnIiwic2xpZGVzaG93IjoiYzNmNzAwOSJ9\" href=\"https:\/\/www.forumesure.com\/wp-content\/uploads\/2014\/10\/photos-Alger-221.jpg\"><figure class=\"swiper-slide-inner\"><img decoding=\"async\" class=\"swiper-slide-image\" src=\"https:\/\/www.forumesure.com\/wp-content\/uploads\/2014\/10\/photos-Alger-221.jpg\" alt=\"photos Alger 221\" \/><\/figure><\/a><\/div>\t\t\t<\/div>\n\t\t\t\t\t\t\t\t\t\t\t\t\t\t\t\t<div class=\"elementor-swiper-button elementor-swiper-button-prev\">\n\t\t\t\t\t\t<i aria-hidden=\"true\" class=\"eicon-chevron-left\"><\/i>\t\t\t\t\t\t<span class=\"elementor-screen-only\">Previous<\/span>\n\t\t\t\t\t<\/div>\n\t\t\t\t\t<div class=\"elementor-swiper-button elementor-swiper-button-next\">\n\t\t\t\t\t\t<i aria-hidden=\"true\" class=\"eicon-chevron-right\"><\/i>\t\t\t\t\t\t<span class=\"elementor-screen-only\">Next<\/span>\n\t\t\t\t\t<\/div>\n\t\t\t\t\t\t\t\t\t<\/div>\n\t\t\t\t<\/div>\n\t\t\t\t<\/div>\n\t\t\t\t<div class=\"elementor-element elementor-element-7fb1e57 elementor-widget-divider--view-line elementor-widget elementor-widget-divider\" data-id=\"7fb1e57\" data-element_type=\"widget\" data-widget_type=\"divider.default\">\n\t\t\t\t<div class=\"elementor-widget-container\">\n\t\t\t\t\t<div class=\"elementor-divider\">\n\t\t\t<span class=\"elementor-divider-separator\">\n\t\t\t\t\t\t<\/span>\n\t\t<\/div>\n\t\t\t\t<\/div>\n\t\t\t\t<\/div>\n\t\t\t\t<div class=\"elementor-element elementor-element-bc3f564 elementor-widget elementor-widget-heading\" data-id=\"bc3f564\" data-element_type=\"widget\" data-widget_type=\"heading.default\">\n\t\t\t\t<div class=\"elementor-widget-container\">\n\t\t\t<h2 class=\"elementor-heading-title elementor-size-default\"><h4 data-elementor-setting-key=\"title\" data-pen-placeholder=\"\u00c9crivez ici...\" style=\"color: rgb(45, 46, 130);\">They exhibited at FORUMESURE in 2015<\/h4><\/h2>\t\t<\/div>\n\t\t\t\t<\/div>\n\t\t\t\t\t\t<\/div>\n\t\t\t\t\t<\/div>\n\t\t<\/div>\n\t\t\t\t\t\t\t\t<\/div>\n\t\t\t\t\t<\/div>\n\t\t<\/section>\n\t\t\t\t<section class=\"elementor-section elementor-top-section elementor-element elementor-element-63adc8a elementor-section-boxed elementor-section-height-default elementor-section-height-default\" data-id=\"63adc8a\" data-element_type=\"section\">\n\t\t\t\t\t\t<div class=\"elementor-container elementor-column-gap-default\">\n\t\t\t\t\t\t\t<div class=\"elementor-row\">\n\t\t\t\t\t<div class=\"elementor-column elementor-col-16 elementor-top-column elementor-element elementor-element-a3194ef\" data-id=\"a3194ef\" data-element_type=\"column\">\n\t\t\t<div class=\"elementor-column-wrap elementor-element-populated\">\n\t\t\t\t\t\t\t<div class=\"elementor-widget-wrap\">\n\t\t\t\t\t\t<div class=\"elementor-element elementor-element-f3a8387 elementor-position-top elementor-vertical-align-top elementor-widget elementor-widget-image-box\" data-id=\"f3a8387\" data-element_type=\"widget\" data-widget_type=\"image-box.default\">\n\t\t\t\t<div class=\"elementor-widget-container\">\n\t\t\t<div class=\"elementor-image-box-wrapper\"><figure class=\"elementor-image-box-img\"><a href=\"https:\/\/www.fluke.com\/fr-fr\"><img decoding=\"async\" width=\"251\" height=\"83\" src=\"https:\/\/www.forumesure.com\/wp-content\/uploads\/2018\/10\/FLuke-1-e1672662514621.png\" class=\"attachment-medium size-medium wp-image-5176\" alt=\"\" loading=\"lazy\" srcset=\"https:\/\/www.forumesure.com\/wp-content\/uploads\/2018\/10\/FLuke-1-e1672662514621.png 251w, https:\/\/www.forumesure.com\/wp-content\/uploads\/2018\/10\/FLuke-1-e1672662514621-18x6.png 18w\" sizes=\"(max-width: 251px) 100vw, 251px\" \/><\/a><\/figure><\/div>\t\t<\/div>\n\t\t\t\t<\/div>\n\t\t\t\t\t\t<\/div>\n\t\t\t\t\t<\/div>\n\t\t<\/div>\n\t\t\t\t<div class=\"elementor-column elementor-col-16 elementor-top-column elementor-element elementor-element-a0974a1\" data-id=\"a0974a1\" data-element_type=\"column\">\n\t\t\t<div class=\"elementor-column-wrap elementor-element-populated\">\n\t\t\t\t\t\t\t<div class=\"elementor-widget-wrap\">\n\t\t\t\t\t\t<div class=\"elementor-element elementor-element-e669f3f elementor-position-top elementor-vertical-align-top elementor-widget elementor-widget-image-box\" data-id=\"e669f3f\" data-element_type=\"widget\" data-widget_type=\"image-box.default\">\n\t\t\t\t<div class=\"elementor-widget-container\">\n\t\t\t<div class=\"elementor-image-box-wrapper\"><figure class=\"elementor-image-box-img\"><a href=\"https:\/\/fra.sika.com\/\"><img decoding=\"async\" width=\"265\" height=\"122\" src=\"https:\/\/www.forumesure.com\/wp-content\/uploads\/2018\/10\/SiKA-1-e1672661990717.png\" class=\"attachment-medium size-medium wp-image-5179\" alt=\"\" loading=\"lazy\" srcset=\"https:\/\/www.forumesure.com\/wp-content\/uploads\/2018\/10\/SiKA-1-e1672661990717.png 265w, https:\/\/www.forumesure.com\/wp-content\/uploads\/2018\/10\/SiKA-1-e1672661990717-18x8.png 18w\" sizes=\"(max-width: 265px) 100vw, 265px\" \/><\/a><\/figure><\/div>\t\t<\/div>\n\t\t\t\t<\/div>\n\t\t\t\t\t\t<\/div>\n\t\t\t\t\t<\/div>\n\t\t<\/div>\n\t\t\t\t<div class=\"elementor-column elementor-col-16 elementor-top-column elementor-element elementor-element-ceafddf\" data-id=\"ceafddf\" data-element_type=\"column\">\n\t\t\t<div class=\"elementor-column-wrap elementor-element-populated\">\n\t\t\t\t\t\t\t<div class=\"elementor-widget-wrap\">\n\t\t\t\t\t\t<div class=\"elementor-element elementor-element-04a7c93 elementor-position-top elementor-vertical-align-top elementor-widget elementor-widget-image-box\" data-id=\"04a7c93\" data-element_type=\"widget\" data-widget_type=\"image-box.default\">\n\t\t\t\t<div class=\"elementor-widget-container\">\n\t\t\t<div class=\"elementor-image-box-wrapper\"><figure class=\"elementor-image-box-img\"><a href=\"https:\/\/radwag.com\/fr\/\"><img decoding=\"async\" width=\"269\" height=\"135\" src=\"https:\/\/www.forumesure.com\/wp-content\/uploads\/2018\/10\/RADWAG-e1672662622242.png\" class=\"attachment-medium size-medium wp-image-5149\" alt=\"\" loading=\"lazy\" srcset=\"https:\/\/www.forumesure.com\/wp-content\/uploads\/2018\/10\/RADWAG-e1672662622242.png 269w, https:\/\/www.forumesure.com\/wp-content\/uploads\/2018\/10\/RADWAG-e1672662622242-18x9.png 18w\" sizes=\"(max-width: 269px) 100vw, 269px\" \/><\/a><\/figure><\/div>\t\t<\/div>\n\t\t\t\t<\/div>\n\t\t\t\t\t\t<\/div>\n\t\t\t\t\t<\/div>\n\t\t<\/div>\n\t\t\t\t<div class=\"elementor-column elementor-col-16 elementor-top-column elementor-element elementor-element-6e7fed1\" data-id=\"6e7fed1\" data-element_type=\"column\">\n\t\t\t<div class=\"elementor-column-wrap elementor-element-populated\">\n\t\t\t\t\t\t\t<div class=\"elementor-widget-wrap\">\n\t\t\t\t\t\t<div class=\"elementor-element elementor-element-27daa64 elementor-position-top elementor-vertical-align-top elementor-widget elementor-widget-image-box\" data-id=\"27daa64\" data-element_type=\"widget\" data-widget_type=\"image-box.default\">\n\t\t\t\t<div class=\"elementor-widget-container\">\n\t\t\t<div class=\"elementor-image-box-wrapper\"><figure class=\"elementor-image-box-img\"><a href=\"https:\/\/www.mt.com\/fr\/fr\/home.html?cmp=sea_37010413&#038;SE=GOOGLE&#038;Campaign=MT_BRAND_FR_FR&#038;Adgroup=METTLER+TOLEDO_E&#038;bookedkeyword=mettler%20toledo&#038;matchtype=e&#038;adtext=393402684875&#038;placement=&#038;network=g&#038;kclid=_k_Cj0KCQjww_f2BRC-ARIsAP3zarFL5Xrg9Q1Bs2BMQH6oWH9xof7P9Ngm7OJWRqr7ul_vSLfYeHcIXesaAu_fEALw_wcB_k_&#038;gclid=Cj0KCQjww_f2BRC-ARIsAP3zarFL5Xrg9Q1Bs2BMQH6oWH9xof7P9Ngm7OJWRqr7ul_vSLfYeHcIXesaAu_fEALw_wcB\"><img decoding=\"async\" width=\"300\" height=\"300\" src=\"https:\/\/www.forumesure.com\/wp-content\/uploads\/2018\/10\/Mettler-Toledo-1.png\" class=\"attachment-medium size-medium wp-image-5178\" alt=\"\" loading=\"lazy\" srcset=\"https:\/\/www.forumesure.com\/wp-content\/uploads\/2018\/10\/Mettler-Toledo-1.png 300w, https:\/\/www.forumesure.com\/wp-content\/uploads\/2018\/10\/Mettler-Toledo-1-150x150.png 150w, https:\/\/www.forumesure.com\/wp-content\/uploads\/2018\/10\/Mettler-Toledo-1-200x200.png 200w\" sizes=\"(max-width: 300px) 100vw, 300px\" \/><\/a><\/figure><\/div>\t\t<\/div>\n\t\t\t\t<\/div>\n\t\t\t\t\t\t<\/div>\n\t\t\t\t\t<\/div>\n\t\t<\/div>\n\t\t\t\t<div class=\"elementor-column elementor-col-16 elementor-top-column elementor-element elementor-element-bab4621\" data-id=\"bab4621\" data-element_type=\"column\">\n\t\t\t<div class=\"elementor-column-wrap elementor-element-populated\">\n\t\t\t\t\t\t\t<div class=\"elementor-widget-wrap\">\n\t\t\t\t\t\t<div class=\"elementor-element elementor-element-1e6c906 elementor-position-top elementor-vertical-align-top elementor-widget elementor-widget-image-box\" data-id=\"1e6c906\" data-element_type=\"widget\" data-widget_type=\"image-box.default\">\n\t\t\t\t<div class=\"elementor-widget-container\">\n\t\t\t<div class=\"elementor-image-box-wrapper\"><figure class=\"elementor-image-box-img\"><a href=\"https:\/\/2m-industries.com\/\"><img decoding=\"async\" width=\"300\" height=\"300\" src=\"https:\/\/www.forumesure.com\/wp-content\/uploads\/2018\/10\/2M-industries-1.png\" class=\"attachment-medium size-medium wp-image-5175\" alt=\"\" loading=\"lazy\" srcset=\"https:\/\/www.forumesure.com\/wp-content\/uploads\/2018\/10\/2M-industries-1.png 300w, https:\/\/www.forumesure.com\/wp-content\/uploads\/2018\/10\/2M-industries-1-150x150.png 150w, https:\/\/www.forumesure.com\/wp-content\/uploads\/2018\/10\/2M-industries-1-200x200.png 200w\" sizes=\"(max-width: 300px) 100vw, 300px\" \/><\/a><\/figure><\/div>\t\t<\/div>\n\t\t\t\t<\/div>\n\t\t\t\t\t\t<\/div>\n\t\t\t\t\t<\/div>\n\t\t<\/div>\n\t\t\t\t<div class=\"elementor-column elementor-col-16 elementor-top-column elementor-element elementor-element-8ce9cdf\" data-id=\"8ce9cdf\" data-element_type=\"column\">\n\t\t\t<div class=\"elementor-column-wrap elementor-element-populated\">\n\t\t\t\t\t\t\t<div class=\"elementor-widget-wrap\">\n\t\t\t\t\t\t<div class=\"elementor-element elementor-element-503ea4b elementor-position-top elementor-vertical-align-top elementor-widget elementor-widget-image-box\" data-id=\"503ea4b\" data-element_type=\"widget\" data-widget_type=\"image-box.default\">\n\t\t\t\t<div class=\"elementor-widget-container\">\n\t\t\t<div class=\"elementor-image-box-wrapper\"><figure class=\"elementor-image-box-img\"><a href=\"https:\/\/www.htds.fr\/\"><img decoding=\"async\" width=\"300\" height=\"300\" src=\"https:\/\/www.forumesure.com\/wp-content\/uploads\/2018\/10\/HTDS-1.png\" class=\"attachment-medium size-medium wp-image-5177\" alt=\"\" loading=\"lazy\" srcset=\"https:\/\/www.forumesure.com\/wp-content\/uploads\/2018\/10\/HTDS-1.png 300w, https:\/\/www.forumesure.com\/wp-content\/uploads\/2018\/10\/HTDS-1-150x150.png 150w, https:\/\/www.forumesure.com\/wp-content\/uploads\/2018\/10\/HTDS-1-200x200.png 200w\" sizes=\"(max-width: 300px) 100vw, 300px\" \/><\/a><\/figure><\/div>\t\t<\/div>\n\t\t\t\t<\/div>\n\t\t\t\t\t\t<\/div>\n\t\t\t\t\t<\/div>\n\t\t<\/div>\n\t\t\t\t\t\t\t\t<\/div>\n\t\t\t\t\t<\/div>\n\t\t<\/section>\n\t\t\t\t\t\t\t\t\t<\/div>\n\t\t\t<\/div>\n\t\t\t\t\t<\/div>","protected":false},"excerpt":{"rendered":"<p>FORUMESURE Mars 2015 \u00e0 Alger, Alg\u00e9rie Ils ont expos\u00e9 \u00e0 Forumesure en 2015<\/p>\n<a class=\"moretag noptoppad\" href=\"https:\/\/www.forumesure.com\/en\/salon-de-metrologie\/exposants-2015\/\">Read More...<\/a>","protected":false},"author":8,"featured_media":0,"parent":176,"menu_order":2,"comment_status":"closed","ping_status":"open","template":"","meta":[],"yoast_head":"<!-- This site is optimized with the Yoast SEO plugin v19.14 - https:\/\/yoast.com\/wordpress\/plugins\/seo\/ -->\n<title>Exposants 2015 - Forumesure<\/title>\n<meta name=\"description\" content=\"Liste des exposant \u00e0 FORUMESURE, salon d&#039;exposition sur l&#039;instrumentation, la mesure et la qualit\u00e9, du 19 au 21 mai 2015 \u00e0 Alger, Alg\u00e9rie.\" \/>\n<meta name=\"robots\" content=\"index, follow, max-snippet:-1, max-image-preview:large, max-video-preview:-1\" \/>\n<link rel=\"canonical\" href=\"https:\/\/www.forumesure.com\/en\/salon-de-metrologie\/exposants-2015\/\" \/>\n<meta property=\"og:locale\" content=\"en_GB\" \/>\n<meta property=\"og:type\" content=\"article\" \/>\n<meta property=\"og:title\" content=\"Exposants 2015 - Forumesure\" \/>\n<meta property=\"og:description\" content=\"Liste des exposant \u00e0 FORUMESURE, salon d&#039;exposition sur l&#039;instrumentation, la mesure et la qualit\u00e9, du 19 au 21 mai 2015 \u00e0 Alger, Alg\u00e9rie.\" \/>\n<meta property=\"og:url\" content=\"https:\/\/www.forumesure.com\/en\/salon-de-metrologie\/exposants-2015\/\" \/>\n<meta property=\"og:site_name\" content=\"Forumesure\" \/>\n<meta property=\"article:modified_time\" content=\"2020-06-08T14:16:09+00:00\" \/>\n<meta property=\"og:image\" content=\"https:\/\/www.forumesure.com\/wp-content\/uploads\/2014\/10\/thumb_IMG_1848_1024.jpg\" \/>\n<script type=\"application\/ld+json\" class=\"yoast-schema-graph\">{\"@context\":\"https:\/\/schema.org\",\"@graph\":[{\"@type\":\"WebPage\",\"@id\":\"https:\/\/www.forumesure.com\/salon-de-metrologie\/exposants-2015\/\",\"url\":\"https:\/\/www.forumesure.com\/salon-de-metrologie\/exposants-2015\/\",\"name\":\"Exposants 2015 - Forumesure\",\"isPartOf\":{\"@id\":\"https:\/\/www.forumesure.com\/#website\"},\"datePublished\":\"2014-10-01T08:56:27+00:00\",\"dateModified\":\"2020-06-08T14:16:09+00:00\",\"description\":\"Liste des exposant \u00e0 FORUMESURE, salon d'exposition sur l'instrumentation, la mesure et la qualit\u00e9, du 19 au 21 mai 2015 \u00e0 Alger, Alg\u00e9rie.\",\"breadcrumb\":{\"@id\":\"https:\/\/www.forumesure.com\/salon-de-metrologie\/exposants-2015\/#breadcrumb\"},\"inLanguage\":\"en-GB\",\"potentialAction\":[{\"@type\":\"ReadAction\",\"target\":[\"https:\/\/www.forumesure.com\/salon-de-metrologie\/exposants-2015\/\"]}]},{\"@type\":\"BreadcrumbList\",\"@id\":\"https:\/\/www.forumesure.com\/salon-de-metrologie\/exposants-2015\/#breadcrumb\",\"itemListElement\":[{\"@type\":\"ListItem\",\"position\":1,\"name\":\"Accueil\",\"item\":\"https:\/\/www.forumesure.com\/\"},{\"@type\":\"ListItem\",\"position\":2,\"name\":\"Exposants\",\"item\":\"https:\/\/www.forumesure.com\/salon-de-metrologie\/\"},{\"@type\":\"ListItem\",\"position\":3,\"name\":\"Exposants 2015\"}]},{\"@type\":\"WebSite\",\"@id\":\"https:\/\/www.forumesure.com\/#website\",\"url\":\"https:\/\/www.forumesure.com\/\",\"name\":\"Forumesure\",\"description\":\"Salon sur la Mesure, l&#039;Instrumentation et la Data - Exposition d\u2019\u00e9quipements de mesure et de contr\u00f4le[:en]Exhibition on Instrumentation, Measurement and Data Science - Exhibition of Measurement, Instrumentation and Data Science\",\"publisher\":{\"@id\":\"https:\/\/www.forumesure.com\/#organization\"},\"potentialAction\":[{\"@type\":\"SearchAction\",\"target\":{\"@type\":\"EntryPoint\",\"urlTemplate\":\"https:\/\/www.forumesure.com\/?s={search_term_string}\"},\"query-input\":\"required name=search_term_string\"}],\"inLanguage\":\"en-GB\"},{\"@type\":\"Organization\",\"@id\":\"https:\/\/www.forumesure.com\/#organization\",\"name\":\"Forumesure\",\"url\":\"https:\/\/www.forumesure.com\/\",\"logo\":{\"@type\":\"ImageObject\",\"inLanguage\":\"en-GB\",\"@id\":\"https:\/\/www.forumesure.com\/#\/schema\/logo\/image\/\",\"url\":\"https:\/\/www.forumesure.com\/wp-content\/uploads\/2018\/10\/LOGO-Forumesure-2019-web-e1539603263162.png\",\"contentUrl\":\"https:\/\/www.forumesure.com\/wp-content\/uploads\/2018\/10\/LOGO-Forumesure-2019-web-e1539603263162.png\",\"width\":200,\"height\":49,\"caption\":\"Forumesure\"},\"image\":{\"@id\":\"https:\/\/www.forumesure.com\/#\/schema\/logo\/image\/\"}}]}<\/script>\n<!-- \/ Yoast SEO plugin. -->","yoast_head_json":{"title":"Exposants 2015 - Forumesure","description":"Liste des exposant \u00e0 FORUMESURE, salon d'exposition sur l'instrumentation, la mesure et la qualit\u00e9, du 19 au 21 mai 2015 \u00e0 Alger, Alg\u00e9rie.","robots":{"index":"index","follow":"follow","max-snippet":"max-snippet:-1","max-image-preview":"max-image-preview:large","max-video-preview":"max-video-preview:-1"},"canonical":"https:\/\/www.forumesure.com\/en\/salon-de-metrologie\/exposants-2015\/","og_locale":"en_GB","og_type":"article","og_title":"Exposants 2015 - Forumesure","og_description":"Liste des exposant \u00e0 FORUMESURE, salon d'exposition sur l'instrumentation, la mesure et la qualit\u00e9, du 19 au 21 mai 2015 \u00e0 Alger, Alg\u00e9rie.","og_url":"https:\/\/www.forumesure.com\/en\/salon-de-metrologie\/exposants-2015\/","og_site_name":"Forumesure","article_modified_time":"2020-06-08T14:16:09+00:00","og_image":[{"url":"https:\/\/www.forumesure.com\/wp-content\/uploads\/2014\/10\/thumb_IMG_1848_1024.jpg"}],"schema":{"@context":"https:\/\/schema.org","@graph":[{"@type":"WebPage","@id":"https:\/\/www.forumesure.com\/salon-de-metrologie\/exposants-2015\/","url":"https:\/\/www.forumesure.com\/salon-de-metrologie\/exposants-2015\/","name":"Exposants 2015 - Forumesure","isPartOf":{"@id":"https:\/\/www.forumesure.com\/#website"},"datePublished":"2014-10-01T08:56:27+00:00","dateModified":"2020-06-08T14:16:09+00:00","description":"Liste des exposant \u00e0 FORUMESURE, salon d'exposition sur l'instrumentation, la mesure et la qualit\u00e9, du 19 au 21 mai 2015 \u00e0 Alger, Alg\u00e9rie.","breadcrumb":{"@id":"https:\/\/www.forumesure.com\/salon-de-metrologie\/exposants-2015\/#breadcrumb"},"inLanguage":"en-GB","potentialAction":[{"@type":"ReadAction","target":["https:\/\/www.forumesure.com\/salon-de-metrologie\/exposants-2015\/"]}]},{"@type":"BreadcrumbList","@id":"https:\/\/www.forumesure.com\/salon-de-metrologie\/exposants-2015\/#breadcrumb","itemListElement":[{"@type":"ListItem","position":1,"name":"Accueil","item":"https:\/\/www.forumesure.com\/"},{"@type":"ListItem","position":2,"name":"Exposants","item":"https:\/\/www.forumesure.com\/salon-de-metrologie\/"},{"@type":"ListItem","position":3,"name":"Exposants 2015"}]},{"@type":"WebSite","@id":"https:\/\/www.forumesure.com\/#website","url":"https:\/\/www.forumesure.com\/","name":"Forumesure","description":"Salon sur la Mesure, l&#039;Instrumentation et la Data - Exposition d\u2019\u00e9quipements de mesure et de contr\u00f4le[:en]Exhibition on Instrumentation, Measurement and Data Science - Exhibition of Measurement, Instrumentation and Data Science","publisher":{"@id":"https:\/\/www.forumesure.com\/#organization"},"potentialAction":[{"@type":"SearchAction","target":{"@type":"EntryPoint","urlTemplate":"https:\/\/www.forumesure.com\/?s={search_term_string}"},"query-input":"required name=search_term_string"}],"inLanguage":"en-GB"},{"@type":"Organization","@id":"https:\/\/www.forumesure.com\/#organization","name":"Forumesure","url":"https:\/\/www.forumesure.com\/","logo":{"@type":"ImageObject","inLanguage":"en-GB","@id":"https:\/\/www.forumesure.com\/#\/schema\/logo\/image\/","url":"https:\/\/www.forumesure.com\/wp-content\/uploads\/2018\/10\/LOGO-Forumesure-2019-web-e1539603263162.png","contentUrl":"https:\/\/www.forumesure.com\/wp-content\/uploads\/2018\/10\/LOGO-Forumesure-2019-web-e1539603263162.png","width":200,"height":49,"caption":"Forumesure"},"image":{"@id":"https:\/\/www.forumesure.com\/#\/schema\/logo\/image\/"}}]}},"_links":{"self":[{"href":"https:\/\/www.forumesure.com\/en\/wp-json\/wp\/v2\/pages\/2963"}],"collection":[{"href":"https:\/\/www.forumesure.com\/en\/wp-json\/wp\/v2\/pages"}],"about":[{"href":"https:\/\/www.forumesure.com\/en\/wp-json\/wp\/v2\/types\/page"}],"author":[{"embeddable":true,"href":"https:\/\/www.forumesure.com\/en\/wp-json\/wp\/v2\/users\/8"}],"replies":[{"embeddable":true,"href":"https:\/\/www.forumesure.com\/en\/wp-json\/wp\/v2\/comments?post=2963"}],"version-history":[{"count":0,"href":"https:\/\/www.forumesure.com\/en\/wp-json\/wp\/v2\/pages\/2963\/revisions"}],"up":[{"embeddable":true,"href":"https:\/\/www.forumesure.com\/en\/wp-json\/wp\/v2\/pages\/176"}],"wp:attachment":[{"href":"https:\/\/www.forumesure.com\/en\/wp-json\/wp\/v2\/media?parent=2963"}],"curies":[{"name":"wp","href":"https:\/\/api.w.org\/{rel}","templated":true}]}}