{"id":35,"date":"2012-05-29T15:21:14","date_gmt":"2012-05-29T15:21:14","guid":{"rendered":"http:\/\/www.forumesure.com\/?page_id=35"},"modified":"2024-07-22T10:34:43","modified_gmt":"2024-07-22T08:34:43","slug":"forumesure-06-07-juin-2023","status":"publish","type":"page","link":"https:\/\/www.forumesure.com\/en\/forumesure-06-07-juin-2023\/","title":{"rendered":"VISITORS"},"content":{"rendered":"<div data-elementor-type=\"wp-post\" data-elementor-id=\"35\" class=\"elementor elementor-35\">\n\t\t\t\t\t\t<div class=\"elementor-inner\">\n\t\t\t\t<div class=\"elementor-section-wrap\">\n\t\t\t\t\t\t\t\t\t<section class=\"elementor-section elementor-top-section elementor-element elementor-element-48da6083 elementor-section-boxed elementor-section-height-default elementor-section-height-default\" data-id=\"48da6083\" data-element_type=\"section\">\n\t\t\t\t\t\t<div class=\"elementor-container elementor-column-gap-default\">\n\t\t\t\t\t\t\t<div class=\"elementor-row\">\n\t\t\t\t\t<div class=\"elementor-column elementor-col-100 elementor-top-column elementor-element elementor-element-1e2a97c5\" data-id=\"1e2a97c5\" data-element_type=\"column\">\n\t\t\t<div class=\"elementor-column-wrap elementor-element-populated\">\n\t\t\t\t\t\t\t<div class=\"elementor-widget-wrap\">\n\t\t\t\t\t\t<div class=\"elementor-element elementor-element-3855ebe8 elementor-widget elementor-widget-text-editor\" data-id=\"3855ebe8\" data-element_type=\"widget\" data-widget_type=\"text-editor.default\">\n\t\t\t\t<div class=\"elementor-widget-container\">\n\t\t\t\t\t\t\t\t<div class=\"elementor-text-editor elementor-clearfix\">\n\t\t\t\t<p><!--:en--><\/p>\n<h2 style=\"text-align: center;\"><span style=\"color: #7dba43;\">VENEZ VISITER FORUMESURE 2025<\/span><\/h2>\n<div>\n<h4 style=\"text-align: justify;\">Le salon international FORUMESURE 2025 ouvre ses portes du 22 au 24 avril 2025 \u00e0 Hammamet &#8211; Tunisie<\/h4>\n<p><img decoding=\"async\" loading=\"lazy\" class=\"wp-image-7071 aligncenter\" src=\"https:\/\/www.forumesure.com\/wp-content\/uploads\/2023\/06\/morocco-g775125115_1280.jpg\" alt=\"\" width=\"231\" height=\"154\" srcset=\"https:\/\/www.forumesure.com\/wp-content\/uploads\/2023\/06\/morocco-g775125115_1280.jpg 1280w, https:\/\/www.forumesure.com\/wp-content\/uploads\/2023\/06\/morocco-g775125115_1280-300x200.jpg 300w, https:\/\/www.forumesure.com\/wp-content\/uploads\/2023\/06\/morocco-g775125115_1280-1024x682.jpg 1024w, https:\/\/www.forumesure.com\/wp-content\/uploads\/2023\/06\/morocco-g775125115_1280-768x512.jpg 768w, https:\/\/www.forumesure.com\/wp-content\/uploads\/2023\/06\/morocco-g775125115_1280-18x12.jpg 18w, https:\/\/www.forumesure.com\/wp-content\/uploads\/2023\/06\/morocco-g775125115_1280-320x213.jpg 320w, https:\/\/www.forumesure.com\/wp-content\/uploads\/2023\/06\/morocco-g775125115_1280-480x320.jpg 480w, https:\/\/www.forumesure.com\/wp-content\/uploads\/2023\/06\/morocco-g775125115_1280-800x533.jpg 800w\" sizes=\"(max-width: 231px) 100vw, 231px\" \/><\/p>\n<\/div>\n<h4 style=\"text-align: justify;\">In this section you will find all the information you need to prepare your visit to FORUMESURE:<\/h4>\n<ul>\n<li><a href=\"https:\/\/www.forumesure.com\/en\/forumesure-06-07-juin-2023\/hotels-pour-forumesure-2023\/\">travel and accommodation information<\/a><\/li>\n<li><a href=\"https:\/\/www.forumesure.com\/en\/salon-de-metrologie\/reservez-votre-stand\/\">registration and request for a free badge<\/a><\/li>\n<\/ul>\n<p><!--:--><\/p>\t\t\t\t\t<\/div>\n\t\t\t\t\t\t<\/div>\n\t\t\t\t<\/div>\n\t\t\t\t\t\t<\/div>\n\t\t\t\t\t<\/div>\n\t\t<\/div>\n\t\t\t\t\t\t\t\t<\/div>\n\t\t\t\t\t<\/div>\n\t\t<\/section>\n\t\t\t\t\t\t\t\t\t<\/div>\n\t\t\t<\/div>\n\t\t\t\t\t<\/div>","protected":false},"excerpt":{"rendered":"<p>VENEZ VISITER FORUMESURE 2025 Le salon international FORUMESURE 2025 ouvre ses portes du 22 au 24 avril 2025 \u00e0 Hammamet &#8211; Tunisie Vous trouverez dans cette rubrique toutes les informations n\u00e9cessaires pour<\/p>\n<a class=\"moretag noptoppad\" href=\"https:\/\/www.forumesure.com\/en\/forumesure-06-07-juin-2023\/\">Read More...<\/a>","protected":false},"author":8,"featured_media":0,"parent":0,"menu_order":3,"comment_status":"closed","ping_status":"closed","template":"","meta":[],"yoast_head":"<!-- This site is optimized with the Yoast SEO plugin v19.14 - https:\/\/yoast.com\/wordpress\/plugins\/seo\/ -->\n<title>FORUMESURE 06-07 juin 2023<\/title>\n<meta name=\"description\" content=\"Cette ann\u00e9e, l&#039;exposition &quot;FORUMESURE&quot; ouvre ses portes \u00e0 Bordeaux du 06 au 07 juin 2023 \u00e0 Bordeaux, \u00e0 l&#039;h\u00f4tel Hilton Garden Inn.\" \/>\n<meta name=\"robots\" content=\"index, follow, max-snippet:-1, max-image-preview:large, max-video-preview:-1\" \/>\n<link rel=\"canonical\" href=\"https:\/\/www.forumesure.com\/en\/forumesure-06-07-juin-2023\/\" \/>\n<meta property=\"og:locale\" content=\"en_GB\" \/>\n<meta property=\"og:type\" content=\"article\" \/>\n<meta property=\"og:title\" content=\"FORUMESURE 06-07 juin 2023\" \/>\n<meta property=\"og:description\" content=\"Cette ann\u00e9e, l&#039;exposition &quot;FORUMESURE&quot; ouvre ses portes \u00e0 Bordeaux du 06 au 07 juin 2023 \u00e0 Bordeaux, \u00e0 l&#039;h\u00f4tel Hilton Garden Inn.\" \/>\n<meta property=\"og:url\" content=\"https:\/\/www.forumesure.com\/en\/forumesure-06-07-juin-2023\/\" \/>\n<meta property=\"og:site_name\" content=\"Forumesure\" \/>\n<meta property=\"article:modified_time\" content=\"2024-07-22T08:34:43+00:00\" \/>\n<meta property=\"og:image\" content=\"https:\/\/www.forumesure.com\/wp-content\/uploads\/2023\/06\/morocco-g775125115_1280.jpg\" \/>\n<meta name=\"twitter:label1\" content=\"Estimated reading time\" \/>\n\t<meta name=\"twitter:data1\" content=\"1 minute\" \/>\n<script type=\"application\/ld+json\" class=\"yoast-schema-graph\">{\"@context\":\"https:\/\/schema.org\",\"@graph\":[{\"@type\":\"WebPage\",\"@id\":\"https:\/\/www.forumesure.com\/forumesure-06-07-juin-2023\/\",\"url\":\"https:\/\/www.forumesure.com\/forumesure-06-07-juin-2023\/\",\"name\":\"FORUMESURE 06-07 juin 2023\",\"isPartOf\":{\"@id\":\"https:\/\/www.forumesure.com\/#website\"},\"datePublished\":\"2012-05-29T15:21:14+00:00\",\"dateModified\":\"2024-07-22T08:34:43+00:00\",\"description\":\"Cette ann\u00e9e, l'exposition \\\"FORUMESURE\\\" ouvre ses portes \u00e0 Bordeaux du 06 au 07 juin 2023 \u00e0 Bordeaux, \u00e0 l'h\u00f4tel Hilton Garden Inn.\",\"breadcrumb\":{\"@id\":\"https:\/\/www.forumesure.com\/forumesure-06-07-juin-2023\/#breadcrumb\"},\"inLanguage\":\"en-GB\",\"potentialAction\":[{\"@type\":\"ReadAction\",\"target\":[\"https:\/\/www.forumesure.com\/forumesure-06-07-juin-2023\/\"]}]},{\"@type\":\"BreadcrumbList\",\"@id\":\"https:\/\/www.forumesure.com\/forumesure-06-07-juin-2023\/#breadcrumb\",\"itemListElement\":[{\"@type\":\"ListItem\",\"position\":1,\"name\":\"Accueil\",\"item\":\"https:\/\/www.forumesure.com\/\"},{\"@type\":\"ListItem\",\"position\":2,\"name\":\"Visiteurs\"}]},{\"@type\":\"WebSite\",\"@id\":\"https:\/\/www.forumesure.com\/#website\",\"url\":\"https:\/\/www.forumesure.com\/\",\"name\":\"Forumesure\",\"description\":\"Salon sur la Mesure, l&#039;Instrumentation et la Data - Exposition d\u2019\u00e9quipements de mesure et de contr\u00f4le[:en]Exhibition on Instrumentation, Measurement and Data Science - Exhibition of Measurement, Instrumentation and Data Science\",\"publisher\":{\"@id\":\"https:\/\/www.forumesure.com\/#organization\"},\"potentialAction\":[{\"@type\":\"SearchAction\",\"target\":{\"@type\":\"EntryPoint\",\"urlTemplate\":\"https:\/\/www.forumesure.com\/?s={search_term_string}\"},\"query-input\":\"required name=search_term_string\"}],\"inLanguage\":\"en-GB\"},{\"@type\":\"Organization\",\"@id\":\"https:\/\/www.forumesure.com\/#organization\",\"name\":\"Forumesure\",\"url\":\"https:\/\/www.forumesure.com\/\",\"logo\":{\"@type\":\"ImageObject\",\"inLanguage\":\"en-GB\",\"@id\":\"https:\/\/www.forumesure.com\/#\/schema\/logo\/image\/\",\"url\":\"https:\/\/www.forumesure.com\/wp-content\/uploads\/2018\/10\/LOGO-Forumesure-2019-web-e1539603263162.png\",\"contentUrl\":\"https:\/\/www.forumesure.com\/wp-content\/uploads\/2018\/10\/LOGO-Forumesure-2019-web-e1539603263162.png\",\"width\":200,\"height\":49,\"caption\":\"Forumesure\"},\"image\":{\"@id\":\"https:\/\/www.forumesure.com\/#\/schema\/logo\/image\/\"}}]}<\/script>\n<!-- \/ Yoast SEO plugin. -->","yoast_head_json":{"title":"FORUMESURE 06-07 juin 2023","description":"Cette ann\u00e9e, l'exposition \"FORUMESURE\" ouvre ses portes \u00e0 Bordeaux du 06 au 07 juin 2023 \u00e0 Bordeaux, \u00e0 l'h\u00f4tel Hilton Garden Inn.","robots":{"index":"index","follow":"follow","max-snippet":"max-snippet:-1","max-image-preview":"max-image-preview:large","max-video-preview":"max-video-preview:-1"},"canonical":"https:\/\/www.forumesure.com\/en\/forumesure-06-07-juin-2023\/","og_locale":"en_GB","og_type":"article","og_title":"FORUMESURE 06-07 juin 2023","og_description":"Cette ann\u00e9e, l'exposition \"FORUMESURE\" ouvre ses portes \u00e0 Bordeaux du 06 au 07 juin 2023 \u00e0 Bordeaux, \u00e0 l'h\u00f4tel Hilton Garden Inn.","og_url":"https:\/\/www.forumesure.com\/en\/forumesure-06-07-juin-2023\/","og_site_name":"Forumesure","article_modified_time":"2024-07-22T08:34:43+00:00","og_image":[{"url":"https:\/\/www.forumesure.com\/wp-content\/uploads\/2023\/06\/morocco-g775125115_1280.jpg"}],"twitter_misc":{"Estimated reading time":"1 minute"},"schema":{"@context":"https:\/\/schema.org","@graph":[{"@type":"WebPage","@id":"https:\/\/www.forumesure.com\/forumesure-06-07-juin-2023\/","url":"https:\/\/www.forumesure.com\/forumesure-06-07-juin-2023\/","name":"FORUMESURE 06-07 juin 2023","isPartOf":{"@id":"https:\/\/www.forumesure.com\/#website"},"datePublished":"2012-05-29T15:21:14+00:00","dateModified":"2024-07-22T08:34:43+00:00","description":"Cette ann\u00e9e, l'exposition \"FORUMESURE\" ouvre ses portes \u00e0 Bordeaux du 06 au 07 juin 2023 \u00e0 Bordeaux, \u00e0 l'h\u00f4tel Hilton Garden Inn.","breadcrumb":{"@id":"https:\/\/www.forumesure.com\/forumesure-06-07-juin-2023\/#breadcrumb"},"inLanguage":"en-GB","potentialAction":[{"@type":"ReadAction","target":["https:\/\/www.forumesure.com\/forumesure-06-07-juin-2023\/"]}]},{"@type":"BreadcrumbList","@id":"https:\/\/www.forumesure.com\/forumesure-06-07-juin-2023\/#breadcrumb","itemListElement":[{"@type":"ListItem","position":1,"name":"Accueil","item":"https:\/\/www.forumesure.com\/"},{"@type":"ListItem","position":2,"name":"Visiteurs"}]},{"@type":"WebSite","@id":"https:\/\/www.forumesure.com\/#website","url":"https:\/\/www.forumesure.com\/","name":"Forumesure","description":"Salon sur la Mesure, l&#039;Instrumentation et la Data - Exposition d\u2019\u00e9quipements de mesure et de contr\u00f4le[:en]Exhibition on Instrumentation, Measurement and Data Science - Exhibition of Measurement, Instrumentation and Data Science","publisher":{"@id":"https:\/\/www.forumesure.com\/#organization"},"potentialAction":[{"@type":"SearchAction","target":{"@type":"EntryPoint","urlTemplate":"https:\/\/www.forumesure.com\/?s={search_term_string}"},"query-input":"required name=search_term_string"}],"inLanguage":"en-GB"},{"@type":"Organization","@id":"https:\/\/www.forumesure.com\/#organization","name":"Forumesure","url":"https:\/\/www.forumesure.com\/","logo":{"@type":"ImageObject","inLanguage":"en-GB","@id":"https:\/\/www.forumesure.com\/#\/schema\/logo\/image\/","url":"https:\/\/www.forumesure.com\/wp-content\/uploads\/2018\/10\/LOGO-Forumesure-2019-web-e1539603263162.png","contentUrl":"https:\/\/www.forumesure.com\/wp-content\/uploads\/2018\/10\/LOGO-Forumesure-2019-web-e1539603263162.png","width":200,"height":49,"caption":"Forumesure"},"image":{"@id":"https:\/\/www.forumesure.com\/#\/schema\/logo\/image\/"}}]}},"_links":{"self":[{"href":"https:\/\/www.forumesure.com\/en\/wp-json\/wp\/v2\/pages\/35"}],"collection":[{"href":"https:\/\/www.forumesure.com\/en\/wp-json\/wp\/v2\/pages"}],"about":[{"href":"https:\/\/www.forumesure.com\/en\/wp-json\/wp\/v2\/types\/page"}],"author":[{"embeddable":true,"href":"https:\/\/www.forumesure.com\/en\/wp-json\/wp\/v2\/users\/8"}],"replies":[{"embeddable":true,"href":"https:\/\/www.forumesure.com\/en\/wp-json\/wp\/v2\/comments?post=35"}],"version-history":[{"count":12,"href":"https:\/\/www.forumesure.com\/en\/wp-json\/wp\/v2\/pages\/35\/revisions"}],"predecessor-version":[{"id":7378,"href":"https:\/\/www.forumesure.com\/en\/wp-json\/wp\/v2\/pages\/35\/revisions\/7378"}],"wp:attachment":[{"href":"https:\/\/www.forumesure.com\/en\/wp-json\/wp\/v2\/media?parent=35"}],"curies":[{"name":"wp","href":"https:\/\/api.w.org\/{rel}","templated":true}]}}