{"id":3744,"date":"2016-05-11T11:30:59","date_gmt":"2016-05-11T11:30:59","guid":{"rendered":"http:\/\/www.forumesure.com\/?page_id=3744"},"modified":"2024-11-20T16:22:17","modified_gmt":"2024-11-20T14:22:17","slug":"hotels-pour-forumesure-2023","status":"publish","type":"page","link":"https:\/\/www.forumesure.com\/en\/forumesure-06-07-juin-2023\/hotels-pour-forumesure-2023\/","title":{"rendered":"HOTELS"},"content":{"rendered":"<div data-elementor-type=\"wp-post\" data-elementor-id=\"3744\" class=\"elementor elementor-3744\">\n\t\t\t\t\t\t<div class=\"elementor-inner\">\n\t\t\t\t<div class=\"elementor-section-wrap\">\n\t\t\t\t\t\t\t\t\t<section class=\"elementor-section elementor-top-section elementor-element elementor-element-c20e85d elementor-section-boxed elementor-section-height-default elementor-section-height-default\" data-id=\"c20e85d\" data-element_type=\"section\">\n\t\t\t\t\t\t<div class=\"elementor-container elementor-column-gap-default\">\n\t\t\t\t\t\t\t<div class=\"elementor-row\">\n\t\t\t\t\t<div class=\"elementor-column elementor-col-100 elementor-top-column elementor-element elementor-element-7097d1f\" data-id=\"7097d1f\" data-element_type=\"column\">\n\t\t\t<div class=\"elementor-column-wrap elementor-element-populated\">\n\t\t\t\t\t\t\t<div class=\"elementor-widget-wrap\">\n\t\t\t\t\t\t<div class=\"elementor-element elementor-element-4091faa elementor-widget elementor-widget-heading\" data-id=\"4091faa\" data-element_type=\"widget\" data-widget_type=\"heading.default\">\n\t\t\t\t<div class=\"elementor-widget-container\">\n\t\t\t<h2 class=\"elementor-heading-title elementor-size-medium\"><span style=\"color: rgb(238, 135, 59); font-family: Roboto, sans-serif; font-size: 44px; white-space-collapse: collapse;\">Pour la r\u00e9servation de l'h\u00f4tel, merci de bien vouloir faire la demande le plus t\u00f4t possible<\/span><\/h2>\t\t<\/div>\n\t\t\t\t<\/div>\n\t\t\t\t\t\t<\/div>\n\t\t\t\t\t<\/div>\n\t\t<\/div>\n\t\t\t\t\t\t\t\t<\/div>\n\t\t\t\t\t<\/div>\n\t\t<\/section>\n\t\t\t\t<section class=\"elementor-section elementor-top-section elementor-element elementor-element-515201b elementor-section-boxed elementor-section-height-default elementor-section-height-default\" data-id=\"515201b\" data-element_type=\"section\">\n\t\t\t\t\t\t<div class=\"elementor-container elementor-column-gap-default\">\n\t\t\t\t\t\t\t<div class=\"elementor-row\">\n\t\t\t\t\t<div class=\"elementor-column elementor-col-100 elementor-top-column elementor-element elementor-element-a11b092\" data-id=\"a11b092\" data-element_type=\"column\">\n\t\t\t<div class=\"elementor-column-wrap elementor-element-populated\">\n\t\t\t\t\t\t\t<div class=\"elementor-widget-wrap\">\n\t\t\t\t\t\t<div class=\"elementor-element elementor-element-7973ae0 elementor-widget elementor-widget-heading\" data-id=\"7973ae0\" data-element_type=\"widget\" data-widget_type=\"heading.default\">\n\t\t\t\t<div class=\"elementor-widget-container\">\n\t\t\t<h2 class=\"elementor-heading-title elementor-size-default\"><a href=\"https:\/\/www.forumesure.com\/en\/contact\/\" target=\"_blank\"><strong style=\"color: rgb(0, 0, 0); font-family: Roboto, sans-serif; font-size: 14px; text-align: center; white-space-collapse: collapse;\"><span style=\"font-size: 20px;\">Veuillez contacter l\u2019\u00e9quipe du CAFMET par mail :&nbsp;<a href=\"https:\/\/www.cafmet-conference.com\/contact-cafmet-2020\" target=\"_blank\" rel=\"noopener\" style=\"background-color: transparent; color: rgb(238, 135, 59); touch-action: manipulation; outline: none;\">Click here!<\/a><\/span><\/strong><\/a><\/h2>\t\t<\/div>\n\t\t\t\t<\/div>\n\t\t\t\t\t\t<\/div>\n\t\t\t\t\t<\/div>\n\t\t<\/div>\n\t\t\t\t\t\t\t\t<\/div>\n\t\t\t\t\t<\/div>\n\t\t<\/section>\n\t\t\t\t<section class=\"elementor-section elementor-top-section elementor-element elementor-element-734e805 elementor-section-boxed elementor-section-height-default elementor-section-height-default\" data-id=\"734e805\" data-element_type=\"section\">\n\t\t\t\t\t\t<div class=\"elementor-container elementor-column-gap-default\">\n\t\t\t\t\t\t\t<div class=\"elementor-row\">\n\t\t\t\t\t<div class=\"elementor-column elementor-col-100 elementor-top-column elementor-element elementor-element-26e9752\" data-id=\"26e9752\" data-element_type=\"column\">\n\t\t\t<div class=\"elementor-column-wrap elementor-element-populated\">\n\t\t\t\t\t\t\t<div class=\"elementor-widget-wrap\">\n\t\t\t\t\t\t<div class=\"elementor-element elementor-element-e70cd6f elementor-widget elementor-widget-image\" data-id=\"e70cd6f\" data-element_type=\"widget\" data-widget_type=\"image.default\">\n\t\t\t\t<div class=\"elementor-widget-container\">\n\t\t\t\t\t\t\t\t<div class=\"elementor-image\">\n\t\t\t\t\t\t\t\t\t\t\t\t<img decoding=\"async\" width=\"604\" height=\"280\" src=\"https:\/\/www.forumesure.com\/wp-content\/uploads\/2024\/11\/hotels-1024x475.jpg\" class=\"attachment-large size-large wp-image-7502\" alt=\"\" loading=\"lazy\" srcset=\"https:\/\/www.forumesure.com\/wp-content\/uploads\/2024\/11\/hotels-1024x475.jpg 1024w, https:\/\/www.forumesure.com\/wp-content\/uploads\/2024\/11\/hotels-300x139.jpg 300w, https:\/\/www.forumesure.com\/wp-content\/uploads\/2024\/11\/hotels-768x356.jpg 768w, https:\/\/www.forumesure.com\/wp-content\/uploads\/2024\/11\/hotels-18x8.jpg 18w, https:\/\/www.forumesure.com\/wp-content\/uploads\/2024\/11\/hotels-320x148.jpg 320w, https:\/\/www.forumesure.com\/wp-content\/uploads\/2024\/11\/hotels-480x222.jpg 480w, https:\/\/www.forumesure.com\/wp-content\/uploads\/2024\/11\/hotels-800x371.jpg 800w, https:\/\/www.forumesure.com\/wp-content\/uploads\/2024\/11\/hotels.jpg 1135w\" sizes=\"(max-width: 604px) 100vw, 604px\" \/>\t\t\t\t\t\t\t\t\t\t\t\t\t\t<\/div>\n\t\t\t\t\t\t<\/div>\n\t\t\t\t<\/div>\n\t\t\t\t\t\t<\/div>\n\t\t\t\t\t<\/div>\n\t\t<\/div>\n\t\t\t\t\t\t\t\t<\/div>\n\t\t\t\t\t<\/div>\n\t\t<\/section>\n\t\t\t\t\t\t\t\t\t<\/div>\n\t\t\t<\/div>\n\t\t\t\t\t<\/div>","protected":false},"excerpt":{"rendered":"<p>Pour la r\u00e9servation de l&rsquo;h\u00f4tel, merci de bien vouloir faire la demande le plus t\u00f4t possible Veuillez contacter l\u2019\u00e9quipe du CAFMET par mail :&nbsp;cliquez ici !<\/p>\n<a class=\"moretag noptoppad\" href=\"https:\/\/www.forumesure.com\/en\/forumesure-06-07-juin-2023\/hotels-pour-forumesure-2023\/\">Read More...<\/a>","protected":false},"author":8,"featured_media":0,"parent":35,"menu_order":0,"comment_status":"closed","ping_status":"closed","template":"","meta":[],"yoast_head":"<!-- This site is optimized with the Yoast SEO plugin v19.14 - https:\/\/yoast.com\/wordpress\/plugins\/seo\/ -->\n<title>H\u00f4tels pour FORUMESURE 2023<\/title>\n<meta name=\"description\" content=\"H\u00f4tels FORUMESURE 2023 ! Le CAFMET a trouv\u00e9, pour vous, 3 h\u00f4tels pour s\u00e9journer lors de l&#039;exposition FORUMESURE 2023.\" \/>\n<meta name=\"robots\" content=\"index, follow, max-snippet:-1, max-image-preview:large, max-video-preview:-1\" \/>\n<link rel=\"canonical\" href=\"https:\/\/www.forumesure.com\/en\/forumesure-06-07-juin-2023\/hotels-pour-forumesure-2023\/\" \/>\n<meta property=\"og:locale\" content=\"en_GB\" \/>\n<meta property=\"og:type\" content=\"article\" \/>\n<meta property=\"og:title\" content=\"H\u00f4tels pour FORUMESURE 2023\" \/>\n<meta property=\"og:description\" content=\"H\u00f4tels FORUMESURE 2023 ! Le CAFMET a trouv\u00e9, pour vous, 3 h\u00f4tels pour s\u00e9journer lors de l&#039;exposition FORUMESURE 2023.\" \/>\n<meta property=\"og:url\" content=\"https:\/\/www.forumesure.com\/en\/forumesure-06-07-juin-2023\/hotels-pour-forumesure-2023\/\" \/>\n<meta property=\"og:site_name\" content=\"Forumesure\" \/>\n<meta property=\"article:modified_time\" content=\"2024-11-20T14:22:17+00:00\" \/>\n<meta property=\"og:image\" content=\"https:\/\/www.forumesure.com\/wp-content\/uploads\/2024\/11\/hotels-1024x475.jpg\" \/>\n<meta name=\"twitter:label1\" content=\"Estimated reading time\" \/>\n\t<meta name=\"twitter:data1\" content=\"2 minutes\" \/>\n<script type=\"application\/ld+json\" class=\"yoast-schema-graph\">{\"@context\":\"https:\/\/schema.org\",\"@graph\":[{\"@type\":\"WebPage\",\"@id\":\"https:\/\/www.forumesure.com\/forumesure-06-07-juin-2023\/hotels-pour-forumesure-2023\/\",\"url\":\"https:\/\/www.forumesure.com\/forumesure-06-07-juin-2023\/hotels-pour-forumesure-2023\/\",\"name\":\"H\u00f4tels pour FORUMESURE 2023\",\"isPartOf\":{\"@id\":\"https:\/\/www.forumesure.com\/#website\"},\"datePublished\":\"2016-05-11T11:30:59+00:00\",\"dateModified\":\"2024-11-20T14:22:17+00:00\",\"description\":\"H\u00f4tels FORUMESURE 2023 ! Le CAFMET a trouv\u00e9, pour vous, 3 h\u00f4tels pour s\u00e9journer lors de l'exposition FORUMESURE 2023.\",\"breadcrumb\":{\"@id\":\"https:\/\/www.forumesure.com\/forumesure-06-07-juin-2023\/hotels-pour-forumesure-2023\/#breadcrumb\"},\"inLanguage\":\"en-GB\",\"potentialAction\":[{\"@type\":\"ReadAction\",\"target\":[\"https:\/\/www.forumesure.com\/forumesure-06-07-juin-2023\/hotels-pour-forumesure-2023\/\"]}]},{\"@type\":\"BreadcrumbList\",\"@id\":\"https:\/\/www.forumesure.com\/forumesure-06-07-juin-2023\/hotels-pour-forumesure-2023\/#breadcrumb\",\"itemListElement\":[{\"@type\":\"ListItem\",\"position\":1,\"name\":\"Accueil\",\"item\":\"https:\/\/www.forumesure.com\/\"},{\"@type\":\"ListItem\",\"position\":2,\"name\":\"Visiteurs\",\"item\":\"https:\/\/www.forumesure.com\/forumesure-06-07-juin-2023\/\"},{\"@type\":\"ListItem\",\"position\":3,\"name\":\"H\u00d4TELS\"}]},{\"@type\":\"WebSite\",\"@id\":\"https:\/\/www.forumesure.com\/#website\",\"url\":\"https:\/\/www.forumesure.com\/\",\"name\":\"Forumesure\",\"description\":\"Salon sur la Mesure, l&#039;Instrumentation et la Data - Exposition d\u2019\u00e9quipements de mesure et de contr\u00f4le[:en]Exhibition on Instrumentation, Measurement and Data Science - Exhibition of Measurement, Instrumentation and Data Science\",\"publisher\":{\"@id\":\"https:\/\/www.forumesure.com\/#organization\"},\"potentialAction\":[{\"@type\":\"SearchAction\",\"target\":{\"@type\":\"EntryPoint\",\"urlTemplate\":\"https:\/\/www.forumesure.com\/?s={search_term_string}\"},\"query-input\":\"required name=search_term_string\"}],\"inLanguage\":\"en-GB\"},{\"@type\":\"Organization\",\"@id\":\"https:\/\/www.forumesure.com\/#organization\",\"name\":\"Forumesure\",\"url\":\"https:\/\/www.forumesure.com\/\",\"logo\":{\"@type\":\"ImageObject\",\"inLanguage\":\"en-GB\",\"@id\":\"https:\/\/www.forumesure.com\/#\/schema\/logo\/image\/\",\"url\":\"https:\/\/www.forumesure.com\/wp-content\/uploads\/2018\/10\/LOGO-Forumesure-2019-web-e1539603263162.png\",\"contentUrl\":\"https:\/\/www.forumesure.com\/wp-content\/uploads\/2018\/10\/LOGO-Forumesure-2019-web-e1539603263162.png\",\"width\":200,\"height\":49,\"caption\":\"Forumesure\"},\"image\":{\"@id\":\"https:\/\/www.forumesure.com\/#\/schema\/logo\/image\/\"}}]}<\/script>\n<!-- \/ Yoast SEO plugin. -->","yoast_head_json":{"title":"H\u00f4tels pour FORUMESURE 2023","description":"H\u00f4tels FORUMESURE 2023 ! Le CAFMET a trouv\u00e9, pour vous, 3 h\u00f4tels pour s\u00e9journer lors de l'exposition FORUMESURE 2023.","robots":{"index":"index","follow":"follow","max-snippet":"max-snippet:-1","max-image-preview":"max-image-preview:large","max-video-preview":"max-video-preview:-1"},"canonical":"https:\/\/www.forumesure.com\/en\/forumesure-06-07-juin-2023\/hotels-pour-forumesure-2023\/","og_locale":"en_GB","og_type":"article","og_title":"H\u00f4tels pour FORUMESURE 2023","og_description":"H\u00f4tels FORUMESURE 2023 ! Le CAFMET a trouv\u00e9, pour vous, 3 h\u00f4tels pour s\u00e9journer lors de l'exposition FORUMESURE 2023.","og_url":"https:\/\/www.forumesure.com\/en\/forumesure-06-07-juin-2023\/hotels-pour-forumesure-2023\/","og_site_name":"Forumesure","article_modified_time":"2024-11-20T14:22:17+00:00","og_image":[{"url":"https:\/\/www.forumesure.com\/wp-content\/uploads\/2024\/11\/hotels-1024x475.jpg"}],"twitter_misc":{"Estimated reading time":"2 minutes"},"schema":{"@context":"https:\/\/schema.org","@graph":[{"@type":"WebPage","@id":"https:\/\/www.forumesure.com\/forumesure-06-07-juin-2023\/hotels-pour-forumesure-2023\/","url":"https:\/\/www.forumesure.com\/forumesure-06-07-juin-2023\/hotels-pour-forumesure-2023\/","name":"H\u00f4tels pour FORUMESURE 2023","isPartOf":{"@id":"https:\/\/www.forumesure.com\/#website"},"datePublished":"2016-05-11T11:30:59+00:00","dateModified":"2024-11-20T14:22:17+00:00","description":"H\u00f4tels FORUMESURE 2023 ! Le CAFMET a trouv\u00e9, pour vous, 3 h\u00f4tels pour s\u00e9journer lors de l'exposition FORUMESURE 2023.","breadcrumb":{"@id":"https:\/\/www.forumesure.com\/forumesure-06-07-juin-2023\/hotels-pour-forumesure-2023\/#breadcrumb"},"inLanguage":"en-GB","potentialAction":[{"@type":"ReadAction","target":["https:\/\/www.forumesure.com\/forumesure-06-07-juin-2023\/hotels-pour-forumesure-2023\/"]}]},{"@type":"BreadcrumbList","@id":"https:\/\/www.forumesure.com\/forumesure-06-07-juin-2023\/hotels-pour-forumesure-2023\/#breadcrumb","itemListElement":[{"@type":"ListItem","position":1,"name":"Accueil","item":"https:\/\/www.forumesure.com\/"},{"@type":"ListItem","position":2,"name":"Visiteurs","item":"https:\/\/www.forumesure.com\/forumesure-06-07-juin-2023\/"},{"@type":"ListItem","position":3,"name":"H\u00d4TELS"}]},{"@type":"WebSite","@id":"https:\/\/www.forumesure.com\/#website","url":"https:\/\/www.forumesure.com\/","name":"Forumesure","description":"Salon sur la Mesure, l&#039;Instrumentation et la Data - Exposition d\u2019\u00e9quipements de mesure et de contr\u00f4le[:en]Exhibition on Instrumentation, Measurement and Data Science - Exhibition of Measurement, Instrumentation and Data Science","publisher":{"@id":"https:\/\/www.forumesure.com\/#organization"},"potentialAction":[{"@type":"SearchAction","target":{"@type":"EntryPoint","urlTemplate":"https:\/\/www.forumesure.com\/?s={search_term_string}"},"query-input":"required name=search_term_string"}],"inLanguage":"en-GB"},{"@type":"Organization","@id":"https:\/\/www.forumesure.com\/#organization","name":"Forumesure","url":"https:\/\/www.forumesure.com\/","logo":{"@type":"ImageObject","inLanguage":"en-GB","@id":"https:\/\/www.forumesure.com\/#\/schema\/logo\/image\/","url":"https:\/\/www.forumesure.com\/wp-content\/uploads\/2018\/10\/LOGO-Forumesure-2019-web-e1539603263162.png","contentUrl":"https:\/\/www.forumesure.com\/wp-content\/uploads\/2018\/10\/LOGO-Forumesure-2019-web-e1539603263162.png","width":200,"height":49,"caption":"Forumesure"},"image":{"@id":"https:\/\/www.forumesure.com\/#\/schema\/logo\/image\/"}}]}},"_links":{"self":[{"href":"https:\/\/www.forumesure.com\/en\/wp-json\/wp\/v2\/pages\/3744"}],"collection":[{"href":"https:\/\/www.forumesure.com\/en\/wp-json\/wp\/v2\/pages"}],"about":[{"href":"https:\/\/www.forumesure.com\/en\/wp-json\/wp\/v2\/types\/page"}],"author":[{"embeddable":true,"href":"https:\/\/www.forumesure.com\/en\/wp-json\/wp\/v2\/users\/8"}],"replies":[{"embeddable":true,"href":"https:\/\/www.forumesure.com\/en\/wp-json\/wp\/v2\/comments?post=3744"}],"version-history":[{"count":18,"href":"https:\/\/www.forumesure.com\/en\/wp-json\/wp\/v2\/pages\/3744\/revisions"}],"predecessor-version":[{"id":7505,"href":"https:\/\/www.forumesure.com\/en\/wp-json\/wp\/v2\/pages\/3744\/revisions\/7505"}],"up":[{"embeddable":true,"href":"https:\/\/www.forumesure.com\/en\/wp-json\/wp\/v2\/pages\/35"}],"wp:attachment":[{"href":"https:\/\/www.forumesure.com\/en\/wp-json\/wp\/v2\/media?parent=3744"}],"curies":[{"name":"wp","href":"https:\/\/api.w.org\/{rel}","templated":true}]}}