{"id":4945,"date":"2018-09-10T12:46:02","date_gmt":"2018-09-10T12:46:02","guid":{"rendered":"http:\/\/www.forumesure.com\/?page_id=4945"},"modified":"2024-07-22T11:31:32","modified_gmt":"2024-07-22T09:31:32","slug":"reservez-votre-stand","status":"publish","type":"page","link":"https:\/\/www.forumesure.com\/en\/salon-de-metrologie\/reservez-votre-stand\/","title":{"rendered":"Book your stand at CAFMET 2025"},"content":{"rendered":"<div data-elementor-type=\"wp-page\" data-elementor-id=\"4945\" class=\"elementor elementor-4945\">\n\t\t\t\t\t\t<div class=\"elementor-inner\">\n\t\t\t\t<div class=\"elementor-section-wrap\">\n\t\t\t\t\t\t\t\t\t<section class=\"elementor-section elementor-top-section elementor-element elementor-element-402fa02e elementor-section-boxed elementor-section-height-default elementor-section-height-default\" data-id=\"402fa02e\" data-element_type=\"section\">\n\t\t\t\t\t\t<div class=\"elementor-container elementor-column-gap-default\">\n\t\t\t\t\t\t\t<div class=\"elementor-row\">\n\t\t\t\t\t<div class=\"elementor-column elementor-col-100 elementor-top-column elementor-element elementor-element-c5df733\" data-id=\"c5df733\" data-element_type=\"column\">\n\t\t\t<div class=\"elementor-column-wrap elementor-element-populated\">\n\t\t\t\t\t\t\t<div class=\"elementor-widget-wrap\">\n\t\t\t\t\t\t<div class=\"elementor-element elementor-element-a2323c9 elementor-widget elementor-widget-spacer\" data-id=\"a2323c9\" data-element_type=\"widget\" data-widget_type=\"spacer.default\">\n\t\t\t\t<div class=\"elementor-widget-container\">\n\t\t\t\t\t<div class=\"elementor-spacer\">\n\t\t\t<div class=\"elementor-spacer-inner\"><\/div>\n\t\t<\/div>\n\t\t\t\t<\/div>\n\t\t\t\t<\/div>\n\t\t\t\t<div class=\"elementor-element elementor-element-264a871b elementor-widget elementor-widget-text-editor\" data-id=\"264a871b\" data-element_type=\"widget\" data-widget_type=\"text-editor.default\">\n\t\t\t\t<div class=\"elementor-widget-container\">\n\t\t\t\t\t\t\t\t<div class=\"elementor-text-editor elementor-clearfix\">\n\t\t\t\t<!--vcv no format--><div class=\"vce-row-container\" data-vce-boxed-width=\"true\"><div class=\"vce-row vce-row--col-gap-30 vce-row-equal-height vce-row-content--top\" id=\"el-216fde7e\" data-vce-do-apply=\"all el-216fde7e\"><div class=\"vce-row-content\" data-vce-element-content=\"true\"><div class=\"vce-col vce-col--md-auto vce-col--xs-1 vce-col--xs-last vce-col--xs-first vce-col--sm-last vce-col--sm-first vce-col--md-last vce-col--lg-last vce-col--xl-last vce-col--md-first vce-col--lg-first vce-col--xl-first\" id=\"el-9c05e56d\"><div class=\"vce-col-inner\" data-vce-do-apply=\"border margin background  el-9c05e56d\"><div class=\"vce-col-content\" data-vce-element-content=\"true\" data-vce-do-apply=\"padding el-9c05e56d\"><div class=\"vce-shortcode\"><div class=\"vce-shortcode-wrapper vce\" id=\"el-6c68e577\" data-vce-do-apply=\"all el-6c68e577\"><div class=\"frm_forms  with_frm_style frm_style_formidable-style\" id=\"frm_form_2_container\" >\n<form enctype=\"multipart\/form-data\" method=\"post\" class=\"frm-show-form\" id=\"form_vnco7i\" action=\"\"  >\n<div class=\"frm_form_fields\">\n<fieldset>\n\r\n<div class=\"frm_fields_container\">\n<input type=\"hidden\" name=\"frm_action\" value=\"create\" \/>\n<input type=\"hidden\" name=\"form_id\" value=\"2\" \/>\n<input type=\"hidden\" name=\"frm_hide_fields_2\" id=\"frm_hide_fields_2\" value=\"\" \/>\n<input type=\"hidden\" name=\"form_key\" value=\"vnco7i\" \/>\n<input type=\"hidden\" name=\"item_meta[0]\" value=\"\" \/>\n<input type=\"hidden\" id=\"frm_submit_entry_2\" name=\"frm_submit_entry_2\" value=\"7dfb230d8e\" \/><input type=\"hidden\" name=\"_wp_http_referer\" value=\"\/en\/wp-json\/wp\/v2\/pages\/4945\" \/><div id=\"frm_field_9_container\" class=\"frm_form_field form-field  frm_required_field frm_top_container\">\r\n    <label class=\"frm_primary_label\"><font>Name of the organisation <\/font>\r\n        <span class=\"frm_required\">*<\/span>\r\n    <\/label>\r\n    <input type=\"text\" id=\"field_etww7t\" name=\"item_meta[9]\" value=\"\"  data-reqmsg=\"This field cannot be blank\" aria-required=\"true\" data-invmsg=\"Nom de l&#039;organisme  est non valide\" aria-invalid=\"false\"  \/>\r\n    \r\n    \r\n<\/div>\n<div id=\"frm_field_13_container\" class=\"frm_form_field form-field  frm_required_field frm_top_container\">\r\n    <label class=\"frm_primary_label\">Name and Firstname of the manager\r\n        <span class=\"frm_required\">*<\/span>\r\n    <\/label>\r\n    <input type=\"text\" id=\"field_nomduresponsablecontacter\" name=\"item_meta[13]\" value=\"\"  data-reqmsg=\"This field cannot be blank\" aria-required=\"true\" data-invmsg=\"NOM et Pr\u00e9nom du responsable \u00e0 contacter est non valide\" aria-invalid=\"false\"  \/>\r\n    \r\n    \r\n<\/div>\n<div id=\"frm_field_14_container\" class=\"frm_form_field form-field  frm_required_field frm_top_container\">\r\n    <label class=\"frm_primary_label\">Function\r\n        <span class=\"frm_required\">*<\/span>\r\n    <\/label>\r\n    <input type=\"text\" id=\"field_fonction\" name=\"item_meta[14]\" value=\"\"  data-reqmsg=\"This field cannot be blank\" aria-required=\"true\" data-invmsg=\"Fonction est non valide\" aria-invalid=\"false\"  \/>\r\n    \r\n    \r\n<\/div>\n<div id=\"frm_field_15_container\" class=\"frm_form_field form-field  frm_required_field frm_top_container\">\r\n    <label class=\"frm_primary_label\">Address\r\n        <span class=\"frm_required\">*<\/span>\r\n    <\/label>\r\n    <input type=\"text\" id=\"field_adresse\" name=\"item_meta[15]\" value=\"\"  data-reqmsg=\"This field cannot be blank\" aria-required=\"true\" data-invmsg=\"Adresse est non valide\" aria-invalid=\"false\"  \/>\r\n    \r\n    \r\n<\/div>\n<div id=\"frm_field_16_container\" class=\"frm_form_field form-field  frm_required_field frm_top_container\">\r\n    <label class=\"frm_primary_label\">Code postal &#8211; Ville &#8211; Pays\r\n        <span class=\"frm_required\">*<\/span>\r\n    <\/label>\r\n    <input type=\"text\" id=\"field_codepostale\" name=\"item_meta[16]\" value=\"\"  data-reqmsg=\"This field cannot be blank\" aria-required=\"true\" data-invmsg=\"Code postal - Ville - Pays est non valide\" aria-invalid=\"false\"  \/>\r\n    \r\n    \r\n<\/div>\n<div id=\"frm_field_20_container\" class=\"frm_form_field form-field  frm_required_field frm_top_container\">\r\n    <label class=\"frm_primary_label\">Telephone number\r\n        <span class=\"frm_required\">*<\/span>\r\n    <\/label>\r\n    <input type=\"text\" id=\"field_pays\" name=\"item_meta[20]\" value=\"\"  data-reqmsg=\"This field cannot be blank\" aria-required=\"true\" data-invmsg=\"T\u00e9l\u00e9phone est non valide\" aria-invalid=\"false\"  \/>\r\n    \r\n    \r\n<\/div>\n<div id=\"frm_field_79_container\" class=\"frm_form_field form-field  frm_top_container\">\r\n    <label class=\"frm_primary_label\">Message\r\n        <span class=\"frm_required\"><\/span>\r\n    <\/label>\r\n    <textarea name=\"item_meta[79]\" id=\"field_message\" rows=\"5\"  data-invmsg=\"Message is invalid\" aria-invalid=\"false\"  ><\/textarea>\r\n    \r\n    \r\n<\/div>\n<div id=\"frm_field_36_container\" class=\"frm_form_field form-field  frm_required_field frm_top_container\">\r\n    <label class=\"frm_primary_label\">Email\r\n        <span class=\"frm_required\">*<\/span>\r\n    <\/label>\r\n    <input type=\"email\" id=\"field_email\" name=\"item_meta[36]\" value=\" @\"  data-frmval=\" @\" data-reqmsg=\"This field cannot be blank\" aria-required=\"true\" data-invmsg=\"Email est non valide\" aria-invalid=\"false\"  \/>\r\n    \r\n    \r\n<\/div>\n<div id=\"frm_field_73_container\" class=\"frm_form_field form-field  frm_required_field frm_top_container vertical_radio\">\r\n    <label class=\"frm_primary_label\">Wishes to book:\r\n        <span class=\"frm_required\">*<\/span>\r\n    <\/label>\r\n    \t\t<div class=\"frm_checkbox\" id=\"frm_checkbox_73-0\"><label for=\"field_2ei5c0-0\"><input type=\"checkbox\" name=\"item_meta[73][]\" id=\"field_2ei5c0-0\" value=\"un stand de 6 m\u00b2\"  data-reqmsg=\"This field cannot be blank\" aria-required=\"true\" data-invmsg=\"Souhaite r\u00e9server : is invalid\" aria-invalid=\"false\"   \/> a booth of 6 m\u00b2<\/label><\/div>\n\t\t<div class=\"frm_checkbox\" id=\"frm_checkbox_73-1\"><label for=\"field_2ei5c0-1\"><input type=\"checkbox\" name=\"item_meta[73][]\" id=\"field_2ei5c0-1\" value=\"un stand de 10 m\u00b2\"  data-reqmsg=\"This field cannot be blank\" aria-required=\"true\" data-invmsg=\"Souhaite r\u00e9server : is invalid\" aria-invalid=\"false\"   \/> a booth of 10 m\u00b2<\/label><\/div>\n\t\t<div class=\"frm_checkbox\" id=\"frm_checkbox_73-2\"><label for=\"field_2ei5c0-2\"><input type=\"checkbox\" name=\"item_meta[73][]\" id=\"field_2ei5c0-2\" value=\"un stand de 12 m\u00b2\"  data-reqmsg=\"This field cannot be blank\" aria-required=\"true\" data-invmsg=\"Souhaite r\u00e9server : is invalid\" aria-invalid=\"false\"   \/> a booth of 12 m\u00b2<\/label><\/div>\n\t\t<div class=\"frm_checkbox\" id=\"frm_checkbox_73-3\"><label for=\"field_2ei5c0-3\"><input type=\"checkbox\" name=\"item_meta[73][]\" id=\"field_2ei5c0-3\" value=\"du mobilier suppl\u00e9mentaire\"  data-reqmsg=\"This field cannot be blank\" aria-required=\"true\" data-invmsg=\"Souhaite r\u00e9server : is invalid\" aria-invalid=\"false\"   \/> additional furniture<\/label><\/div>\n\r\n    \r\n    \r\n<\/div>\n<div id=\"frm_field_210_container\" class=\"frm_form_field form-field  frm_required_field frm_top_container\">\r\n    <label for=\"field_oaonm\" id=\"field_oaonm_label\" class=\"frm_primary_label\">Anti-spam test: Give a number between 0 and 5\r\n        <span class=\"frm_required\" aria-hidden=\"true\">*<\/span>\r\n    <\/label>\r\n    <input type=\"number\" id=\"field_oaonm\" name=\"item_meta[210]\" value=\"\"  data-reqmsg=\"Ce champ ne peut pas \u00eatre vide. \/ This input can not be empty.\" aria-required=\"true\" data-invmsg=\"Nombre est non valide\" aria-invalid=\"false\"   min=\"0\" max=\"5\" step=\"any\"\/>\r\n    \r\n    \r\n<\/div>\n\t<input type=\"hidden\" name=\"item_key\" value=\"\" \/>\n\t\t\t\t<div class=\"frm_verify\" aria-hidden=\"true\">\n\t\t\t\t<label for=\"frm_email_2\">\n\t\t\t\t\tIf you are human, leave this field blank.\t\t\t\t<\/label>\n\t\t\t\t<input type=\"text\" class=\"frm_verify\" id=\"frm_email_2\" name=\"frm_verify\" value=\"\"  \/>\n\t\t\t<\/div>\n\t\t<div class=\"frm_submit\">\r\n\r\n<button class=\"frm_button_submit\" type=\"submit\"  >Send<\/button>\r\n\r\n<\/div><\/div>\n<\/fieldset>\n<\/div>\n<p style=\"display: none !important;\"><label>&#916;<textarea name=\"ak_hp_textarea\" cols=\"45\" rows=\"8\" maxlength=\"100\"><\/textarea><\/label><input type=\"hidden\" id=\"ak_js_2\" name=\"ak_js\" value=\"177\"\/><script>document.getElementById( \"ak_js_2\" ).setAttribute( \"value\", ( new Date() ).getTime() );<\/script><\/p><input type=\"hidden\" name=\"trp-form-language\" value=\"en\"\/><\/form>\n<\/div>\n<\/div><\/div><\/div><\/div><\/div><\/div><\/div><\/div><!--vcv no format-->\t\t\t\t\t<\/div>\n\t\t\t\t\t\t<\/div>\n\t\t\t\t<\/div>\n\t\t\t\t\t\t<\/div>\n\t\t\t\t\t<\/div>\n\t\t<\/div>\n\t\t\t\t\t\t\t\t<\/div>\n\t\t\t\t\t<\/div>\n\t\t<\/section>\n\t\t\t\t\t\t\t\t\t<\/div>\n\t\t\t<\/div>\n\t\t\t\t\t<\/div>","protected":false},"excerpt":{"rendered":"<a class=\"moretag noptoppad\" href=\"https:\/\/www.forumesure.com\/en\/salon-de-metrologie\/reservez-votre-stand\/\">Read More...<\/a>","protected":false},"author":8,"featured_media":0,"parent":176,"menu_order":0,"comment_status":"closed","ping_status":"closed","template":"","meta":[],"yoast_head":"<!-- This site is optimized with the Yoast SEO plugin v19.14 - https:\/\/yoast.com\/wordpress\/plugins\/seo\/ -->\n<title>R\u00e9servez votre stand pour l&#039;exposition du FORUMESURE 2024 \u00e0 Marrakech.<\/title>\n<meta name=\"description\" content=\"R\u00e9servez votre stand ! L&#039;exposition FORUMESURE a lieu du 22-24 Avril 2024 \u00e0 Marrakech. C&#039;est un point de rencontre tr\u00e8s riche pour les professionnels qui partage leurs connaissances et leurs id\u00e9es.\" \/>\n<meta name=\"robots\" content=\"index, follow, max-snippet:-1, max-image-preview:large, max-video-preview:-1\" \/>\n<link rel=\"canonical\" href=\"https:\/\/www.forumesure.com\/en\/salon-de-metrologie\/reservez-votre-stand\/\" \/>\n<meta property=\"og:locale\" content=\"en_GB\" \/>\n<meta property=\"og:type\" content=\"article\" \/>\n<meta property=\"og:title\" content=\"R\u00e9servez votre stand pour l&#039;exposition du FORUMESURE 2024 \u00e0 Marrakech.\" \/>\n<meta property=\"og:description\" content=\"R\u00e9servez votre stand ! L&#039;exposition FORUMESURE a lieu du 22-24 Avril 2024 \u00e0 Marrakech. C&#039;est un point de rencontre tr\u00e8s riche pour les professionnels qui partage leurs connaissances et leurs id\u00e9es.\" \/>\n<meta property=\"og:url\" content=\"https:\/\/www.forumesure.com\/en\/salon-de-metrologie\/reservez-votre-stand\/\" \/>\n<meta property=\"og:site_name\" content=\"Forumesure\" \/>\n<meta property=\"article:modified_time\" content=\"2024-07-22T09:31:32+00:00\" \/>\n<meta name=\"twitter:label1\" content=\"Estimated reading time\" \/>\n\t<meta name=\"twitter:data1\" content=\"1 minute\" \/>\n<script type=\"application\/ld+json\" class=\"yoast-schema-graph\">{\"@context\":\"https:\/\/schema.org\",\"@graph\":[{\"@type\":\"WebPage\",\"@id\":\"https:\/\/www.forumesure.com\/salon-de-metrologie\/reservez-votre-stand\/\",\"url\":\"https:\/\/www.forumesure.com\/salon-de-metrologie\/reservez-votre-stand\/\",\"name\":\"R\u00e9servez votre stand pour l'exposition du FORUMESURE 2024 \u00e0 Marrakech.\",\"isPartOf\":{\"@id\":\"https:\/\/www.forumesure.com\/#website\"},\"datePublished\":\"2018-09-10T12:46:02+00:00\",\"dateModified\":\"2024-07-22T09:31:32+00:00\",\"description\":\"R\u00e9servez votre stand ! L'exposition FORUMESURE a lieu du 22-24 Avril 2024 \u00e0 Marrakech. C'est un point de rencontre tr\u00e8s riche pour les professionnels qui partage leurs connaissances et leurs id\u00e9es.\",\"breadcrumb\":{\"@id\":\"https:\/\/www.forumesure.com\/salon-de-metrologie\/reservez-votre-stand\/#breadcrumb\"},\"inLanguage\":\"en-GB\",\"potentialAction\":[{\"@type\":\"ReadAction\",\"target\":[\"https:\/\/www.forumesure.com\/salon-de-metrologie\/reservez-votre-stand\/\"]}]},{\"@type\":\"BreadcrumbList\",\"@id\":\"https:\/\/www.forumesure.com\/salon-de-metrologie\/reservez-votre-stand\/#breadcrumb\",\"itemListElement\":[{\"@type\":\"ListItem\",\"position\":1,\"name\":\"Accueil\",\"item\":\"https:\/\/www.forumesure.com\/\"},{\"@type\":\"ListItem\",\"position\":2,\"name\":\"Exposants\",\"item\":\"https:\/\/www.forumesure.com\/salon-de-metrologie\/\"},{\"@type\":\"ListItem\",\"position\":3,\"name\":\"R\u00e9servez votre stand durant CAFMET 2025\"}]},{\"@type\":\"WebSite\",\"@id\":\"https:\/\/www.forumesure.com\/#website\",\"url\":\"https:\/\/www.forumesure.com\/\",\"name\":\"Forumesure\",\"description\":\"Salon sur la Mesure, l&#039;Instrumentation et la Data - Exposition d\u2019\u00e9quipements de mesure et de contr\u00f4le[:en]Exhibition on Instrumentation, Measurement and Data Science - Exhibition of Measurement, Instrumentation and Data Science\",\"publisher\":{\"@id\":\"https:\/\/www.forumesure.com\/#organization\"},\"potentialAction\":[{\"@type\":\"SearchAction\",\"target\":{\"@type\":\"EntryPoint\",\"urlTemplate\":\"https:\/\/www.forumesure.com\/?s={search_term_string}\"},\"query-input\":\"required name=search_term_string\"}],\"inLanguage\":\"en-GB\"},{\"@type\":\"Organization\",\"@id\":\"https:\/\/www.forumesure.com\/#organization\",\"name\":\"Forumesure\",\"url\":\"https:\/\/www.forumesure.com\/\",\"logo\":{\"@type\":\"ImageObject\",\"inLanguage\":\"en-GB\",\"@id\":\"https:\/\/www.forumesure.com\/#\/schema\/logo\/image\/\",\"url\":\"https:\/\/www.forumesure.com\/wp-content\/uploads\/2018\/10\/LOGO-Forumesure-2019-web-e1539603263162.png\",\"contentUrl\":\"https:\/\/www.forumesure.com\/wp-content\/uploads\/2018\/10\/LOGO-Forumesure-2019-web-e1539603263162.png\",\"width\":200,\"height\":49,\"caption\":\"Forumesure\"},\"image\":{\"@id\":\"https:\/\/www.forumesure.com\/#\/schema\/logo\/image\/\"}}]}<\/script>\n<!-- \/ Yoast SEO plugin. -->","yoast_head_json":{"title":"R\u00e9servez votre stand pour l'exposition du FORUMESURE 2024 \u00e0 Marrakech.","description":"R\u00e9servez votre stand ! L'exposition FORUMESURE a lieu du 22-24 Avril 2024 \u00e0 Marrakech. C'est un point de rencontre tr\u00e8s riche pour les professionnels qui partage leurs connaissances et leurs id\u00e9es.","robots":{"index":"index","follow":"follow","max-snippet":"max-snippet:-1","max-image-preview":"max-image-preview:large","max-video-preview":"max-video-preview:-1"},"canonical":"https:\/\/www.forumesure.com\/en\/salon-de-metrologie\/reservez-votre-stand\/","og_locale":"en_GB","og_type":"article","og_title":"R\u00e9servez votre stand pour l'exposition du FORUMESURE 2024 \u00e0 Marrakech.","og_description":"R\u00e9servez votre stand ! L'exposition FORUMESURE a lieu du 22-24 Avril 2024 \u00e0 Marrakech. C'est un point de rencontre tr\u00e8s riche pour les professionnels qui partage leurs connaissances et leurs id\u00e9es.","og_url":"https:\/\/www.forumesure.com\/en\/salon-de-metrologie\/reservez-votre-stand\/","og_site_name":"Forumesure","article_modified_time":"2024-07-22T09:31:32+00:00","twitter_misc":{"Estimated reading time":"1 minute"},"schema":{"@context":"https:\/\/schema.org","@graph":[{"@type":"WebPage","@id":"https:\/\/www.forumesure.com\/salon-de-metrologie\/reservez-votre-stand\/","url":"https:\/\/www.forumesure.com\/salon-de-metrologie\/reservez-votre-stand\/","name":"R\u00e9servez votre stand pour l'exposition du FORUMESURE 2024 \u00e0 Marrakech.","isPartOf":{"@id":"https:\/\/www.forumesure.com\/#website"},"datePublished":"2018-09-10T12:46:02+00:00","dateModified":"2024-07-22T09:31:32+00:00","description":"R\u00e9servez votre stand ! L'exposition FORUMESURE a lieu du 22-24 Avril 2024 \u00e0 Marrakech. C'est un point de rencontre tr\u00e8s riche pour les professionnels qui partage leurs connaissances et leurs id\u00e9es.","breadcrumb":{"@id":"https:\/\/www.forumesure.com\/salon-de-metrologie\/reservez-votre-stand\/#breadcrumb"},"inLanguage":"en-GB","potentialAction":[{"@type":"ReadAction","target":["https:\/\/www.forumesure.com\/salon-de-metrologie\/reservez-votre-stand\/"]}]},{"@type":"BreadcrumbList","@id":"https:\/\/www.forumesure.com\/salon-de-metrologie\/reservez-votre-stand\/#breadcrumb","itemListElement":[{"@type":"ListItem","position":1,"name":"Accueil","item":"https:\/\/www.forumesure.com\/"},{"@type":"ListItem","position":2,"name":"Exposants","item":"https:\/\/www.forumesure.com\/salon-de-metrologie\/"},{"@type":"ListItem","position":3,"name":"R\u00e9servez votre stand durant CAFMET 2025"}]},{"@type":"WebSite","@id":"https:\/\/www.forumesure.com\/#website","url":"https:\/\/www.forumesure.com\/","name":"Forumesure","description":"Salon sur la Mesure, l&#039;Instrumentation et la Data - Exposition d\u2019\u00e9quipements de mesure et de contr\u00f4le[:en]Exhibition on Instrumentation, Measurement and Data Science - Exhibition of Measurement, Instrumentation and Data Science","publisher":{"@id":"https:\/\/www.forumesure.com\/#organization"},"potentialAction":[{"@type":"SearchAction","target":{"@type":"EntryPoint","urlTemplate":"https:\/\/www.forumesure.com\/?s={search_term_string}"},"query-input":"required name=search_term_string"}],"inLanguage":"en-GB"},{"@type":"Organization","@id":"https:\/\/www.forumesure.com\/#organization","name":"Forumesure","url":"https:\/\/www.forumesure.com\/","logo":{"@type":"ImageObject","inLanguage":"en-GB","@id":"https:\/\/www.forumesure.com\/#\/schema\/logo\/image\/","url":"https:\/\/www.forumesure.com\/wp-content\/uploads\/2018\/10\/LOGO-Forumesure-2019-web-e1539603263162.png","contentUrl":"https:\/\/www.forumesure.com\/wp-content\/uploads\/2018\/10\/LOGO-Forumesure-2019-web-e1539603263162.png","width":200,"height":49,"caption":"Forumesure"},"image":{"@id":"https:\/\/www.forumesure.com\/#\/schema\/logo\/image\/"}}]}},"_links":{"self":[{"href":"https:\/\/www.forumesure.com\/en\/wp-json\/wp\/v2\/pages\/4945"}],"collection":[{"href":"https:\/\/www.forumesure.com\/en\/wp-json\/wp\/v2\/pages"}],"about":[{"href":"https:\/\/www.forumesure.com\/en\/wp-json\/wp\/v2\/types\/page"}],"author":[{"embeddable":true,"href":"https:\/\/www.forumesure.com\/en\/wp-json\/wp\/v2\/users\/8"}],"replies":[{"embeddable":true,"href":"https:\/\/www.forumesure.com\/en\/wp-json\/wp\/v2\/comments?post=4945"}],"version-history":[{"count":6,"href":"https:\/\/www.forumesure.com\/en\/wp-json\/wp\/v2\/pages\/4945\/revisions"}],"predecessor-version":[{"id":7434,"href":"https:\/\/www.forumesure.com\/en\/wp-json\/wp\/v2\/pages\/4945\/revisions\/7434"}],"up":[{"embeddable":true,"href":"https:\/\/www.forumesure.com\/en\/wp-json\/wp\/v2\/pages\/176"}],"wp:attachment":[{"href":"https:\/\/www.forumesure.com\/en\/wp-json\/wp\/v2\/media?parent=4945"}],"curies":[{"name":"wp","href":"https:\/\/api.w.org\/{rel}","templated":true}]}}